{"id":1363,"date":"2018-06-28T13:02:52","date_gmt":"2018-06-28T13:02:52","guid":{"rendered":"http:\/\/sst-conference.org\/?page_id=1363"},"modified":"2018-10-09T12:42:56","modified_gmt":"2018-10-09T12:42:56","slug":"phd-forum","status":"publish","type":"page","link":"https:\/\/sst-conference.org\/index.php\/phd-forum\/","title":{"rendered":"PhD Forum"},"content":{"rendered":"<p><div class=\"fusion-fullwidth fullwidth-box fusion-builder-row-1 hundred-percent-fullwidth non-hundred-percent-height-scrolling\" style=\"--awb-border-radius-top-left:0px;--awb-border-radius-top-right:0px;--awb-border-radius-bottom-right:0px;--awb-border-radius-bottom-left:0px;--awb-overflow:visible;--awb-flex-wrap:wrap;\" ><div class=\"fusion-builder-row fusion-row\"><div class=\"fusion-layout-column fusion_builder_column fusion-builder-column-0 fusion_builder_column_1_1 1_1 fusion-one-full fusion-column-first fusion-column-last fusion-column-no-min-height\" style=\"--awb-bg-size:cover;--awb-margin-bottom:0px;\"><div class=\"fusion-column-wrapper fusion-flex-column-wrapper-legacy\"><div class=\"fusion-title title fusion-title-1 fusion-title-text fusion-title-size-one\" style=\"--awb-sep-color:#1e73be;\"><h1 class=\"fusion-title-heading title-heading-left\" style=\"margin:0;\">PhD Forum &#8211; Basic information<\/h1><span class=\"awb-title-spacer\"><\/span><div class=\"title-sep-container\"><div class=\"title-sep sep-single sep-solid\" style=\"border-color:#1e73be;\"><\/div><\/div><\/div><div class=\"fusion-title title fusion-title-2 fusion-title-text fusion-title-size-two\" style=\"--awb-sep-color:#1e73be;\"><h2 class=\"fusion-title-heading title-heading-left\" style=\"margin:0;\">PhD Forum Organization<\/h2><span class=\"awb-title-spacer\"><\/span><div class=\"title-sep-container\"><div class=\"title-sep sep-single sep-solid\" style=\"border-color:#1e73be;\"><\/div><\/div><\/div><div class=\"fusion-text fusion-text-1\"><p>The PhD Forum provides an opportunity for doctoral students to present their work in the areas of ICT related to the SST 2018 conference topics to a wider community of researchers from academia and industry. The forum aims to encourage interaction and networking among doctoral students, as well as with the audience.<\/p>\n<\/div><div class=\"fusion-sep-clear\"><\/div><div class=\"fusion-separator fusion-full-width-sep\" style=\"margin-left: auto;margin-right: auto;margin-top:20px;margin-bottom:30px;width:100%;\"><\/div><div class=\"fusion-sep-clear\"><\/div><div class=\"fusion-aligncenter\"><a class=\"fusion-button button-flat button-medium button-blue fusion-button-blue button-1 fusion-button-default-span \" target=\"_blank\" rel=\"noopener noreferrer\" href=\"https:\/\/www.ferit.unios.hr\/sst-registration\/\"><span class=\"fusion-button-text\">REGISTRATION<\/span><\/a><\/div><div class=\"fusion-sep-clear\"><\/div><div class=\"fusion-separator fusion-full-width-sep\" style=\"margin-left: auto;margin-right: auto;margin-top:20px;margin-bottom:30px;width:100%;\"><\/div><div class=\"fusion-sep-clear\"><\/div><div class=\"fusion-clearfix\"><\/div><\/div><\/div><div class=\"fusion-layout-column fusion_builder_column fusion-builder-column-1 fusion_builder_column_1_3 1_3 fusion-one-third fusion-column-first\" style=\"--awb-bg-size:cover;width:30.6666%; margin-right: 4%;\"><div class=\"fusion-column-wrapper fusion-flex-column-wrapper-legacy\"><div class=\"fusion-title title fusion-title-3 fusion-title-text fusion-title-size-two\" style=\"--awb-sep-color:#1e73be;\"><h2 class=\"fusion-title-heading title-heading-left\" style=\"margin:0;\"><strong>Steering Committee<\/strong><\/h2><span class=\"awb-title-spacer\"><\/span><div class=\"title-sep-container\"><div class=\"title-sep sep-single sep-solid\" style=\"border-color:#1e73be;\"><\/div><\/div><\/div><div class=\"fusion-text fusion-text-2\"><p><strong>Dinko Begu\u0161i\u0107<\/strong>,<br \/>\nUniversity of Split<\/p>\n<p><strong>Tihana Galinac-Grbac<\/strong>,<br \/>\nUniversity of Rijeka<\/p>\n<p><strong>Darko Huljeni\u0107<\/strong>,<br \/>\nEricsson Nikola Tesla<\/p>\n<p><strong>Maja Matija\u0161evi\u0107<\/strong>,<br \/>\nUniversity of Zagreb<\/p>\n<p><strong>Snje\u017eana Rimac-Drlje<\/strong>,<br \/>\nJosip Juraj Strossmayer University of Osijek<\/p>\n<p><strong>Drago \u017dagar<\/strong>,<br \/>\nJosip Juraj Strossmayer University of Osijek<\/p>\n<\/div><div class=\"fusion-clearfix\"><\/div><\/div><\/div><div class=\"fusion-layout-column fusion_builder_column fusion-builder-column-2 fusion_builder_column_1_3 1_3 fusion-one-third\" style=\"--awb-bg-size:cover;width:30.6666%; margin-right: 4%;\"><div class=\"fusion-column-wrapper fusion-flex-column-wrapper-legacy\"><div class=\"fusion-title title fusion-title-4 fusion-title-text fusion-title-size-two\" style=\"--awb-sep-color:#1e73be;\"><h2 class=\"fusion-title-heading title-heading-left\" style=\"margin:0;\"><strong>Program &amp; Organizing Committee<\/strong><\/h2><span class=\"awb-title-spacer\"><\/span><div class=\"title-sep-container\"><div class=\"title-sep sep-single sep-solid\" style=\"border-color:#1e73be;\"><\/div><\/div><\/div><div class=\"fusion-text fusion-text-3\"><p><strong>Ognjen Dobrijevi\u0107<\/strong>,<br \/>\nUniversity of Zagreb<\/p>\n<p><strong>Andrej Grguri\u0107<\/strong>,<br \/>\nEricsson Nikola Tesla<\/p>\n<p><strong>Vi\u0161nja Kri\u017eanovi\u0107<\/strong>,<br \/>\nJosip Juraj Strossmayer University of Osijek<\/p>\n<p><strong>Goran Mau\u0161a<\/strong>,<br \/>\nUniversity of Rijeka<\/p>\n<p><strong>Maja \u0160kiljo<\/strong>,<br \/>\nUniversity of Split<\/p>\n<p><strong>Josef Spillner<\/strong><br \/>\nZurich University of Applied Sciences<\/p>\n<\/div><div class=\"fusion-clearfix\"><\/div><\/div><\/div><div class=\"fusion-layout-column fusion_builder_column fusion-builder-column-3 fusion_builder_column_1_3 1_3 fusion-one-third fusion-column-last\" style=\"--awb-bg-size:cover;width:30.6666%;\"><div class=\"fusion-column-wrapper fusion-flex-column-wrapper-legacy\"><div class=\"fusion-title title fusion-title-5 fusion-title-text fusion-title-size-two\" style=\"--awb-sep-color:#1e73be;\"><h2 class=\"fusion-title-heading title-heading-left\" style=\"margin:0;\"><strong>PhD Forum Programme<\/strong><\/h2><span class=\"awb-title-spacer\"><\/span><div class=\"title-sep-container\"><div class=\"title-sep sep-single sep-solid\" style=\"border-color:#1e73be;\"><\/div><\/div><\/div><div class=\"fusion-text fusion-text-4\"><p>Thursday, October 11, 2018<\/p>\n<p>Starting at: 13.30<\/p>\n<p>The PhD Forum consists of a poster session, preceded by a fast-paced introduction by each student that offers a preview of the posters. Each student is given a strictly-timed 2-minutes\u2019 slot to present a \u201cpitch talk\u201d about her\/his research. The purpose of the pitch talk is to provide a brief outline of one\u2019s doctoral research work, with the goal to raise awareness and generate further discussion over the poster session and coffee break that follow.<\/p>\n<p>Pitch Talk Presentations (<em>announced)<\/em><\/p>\n<p>Poster Presentations over coffee &#8211; An open session for discussion with all students standing next to their posters.<\/p>\n<\/div><div class=\"fusion-clearfix\"><\/div><\/div><\/div><div class=\"fusion-layout-column fusion_builder_column fusion-builder-column-4 fusion_builder_column_1_1 1_1 fusion-one-full fusion-column-first fusion-column-last fusion-column-no-min-height\" style=\"--awb-bg-size:cover;--awb-margin-bottom:0px;\"><div class=\"fusion-column-wrapper fusion-flex-column-wrapper-legacy\"><div class=\"fusion-section-separator section-separator triangle fusion-section-separator-1\" style=\"--awb-border-bottom:2px solid #1e73be;--awb-spacer-height:2px;--awb-svg-margin-left:0;--awb-svg-margin-right:0;--awb-icon-color:#1e73be;--awb-icon-top:auto;--awb-icon-bottom:-12px;\"><div class=\"fusion-section-separator-svg\"><div class=\"divider-candy-arrow bottom\" style=\"top:2px;border-top-color: #1e73be;\"><\/div><div class=\"divider-candy bottom\" style=\"bottom:-22px;border-bottom:1px solid #1e73be;border-left:1px solid #1e73be;\"><\/div><\/div><div class=\"fusion-section-separator-spacer\"><div class=\"fusion-section-separator-spacer-height\"><\/div><\/div><\/div><div class=\"fusion-clearfix\"><\/div><\/div><\/div><\/div><\/div><div class=\"fusion-fullwidth fullwidth-box fusion-builder-row-2 nonhundred-percent-fullwidth non-hundred-percent-height-scrolling\" style=\"--awb-background-position:left top;--awb-border-radius-top-left:0px;--awb-border-radius-top-right:0px;--awb-border-radius-bottom-right:0px;--awb-border-radius-bottom-left:0px;--awb-padding-top:40px;--awb-padding-bottom:20px;--awb-border-sizes-top:0px;--awb-border-sizes-bottom:0px;--awb-flex-wrap:wrap;\" ><div class=\"fusion-builder-row fusion-row\"><div class=\"fusion-layout-column fusion_builder_column fusion-builder-column-5 fusion_builder_column_1_1 1_1 fusion-one-full fusion-column-first fusion-column-last fusion-column-no-min-height\" style=\"--awb-bg-size:cover;--awb-margin-bottom:0px;\"><div class=\"fusion-column-wrapper fusion-flex-column-wrapper-legacy\"><div class=\"fusion-aligncenter\"><a class=\"fusion-button button-flat button-medium button-blue fusion-button-blue button-2 fusion-button-default-span \" target=\"_blank\" rel=\"noopener noreferrer\" href=\"http:\/\/sst-conference.org\/wp-content\/uploads\/2018\/10\/PROGRAM.docx\"><span class=\"fusion-button-text\">PROGRAM<\/span><\/a><\/div><div class=\"fusion-sep-clear\"><\/div><div class=\"fusion-separator fusion-full-width-sep\" style=\"margin-left: auto;margin-right: auto;margin-top:20px;margin-bottom:30px;width:100%;\"><\/div><div class=\"fusion-sep-clear\"><\/div><div class=\"fusion-aligncenter\"><a class=\"fusion-button button-flat button-medium button-blue fusion-button-blue button-3 fusion-button-default-span \" target=\"_blank\" rel=\"noopener noreferrer\" href=\"http:\/\/sst-conference.org\/wp-content\/uploads\/2018\/07\/sst2018-PhD_forum-CFP_v3_04072018.pdf\"><span class=\"fusion-button-text\">Call for Papers<\/span><\/a><\/div><div class=\"fusion-sep-clear\"><\/div><div class=\"fusion-separator fusion-full-width-sep\" style=\"margin-left: auto;margin-right: auto;margin-top:20px;margin-bottom:30px;width:100%;\"><\/div><div class=\"fusion-sep-clear\"><\/div><div class=\"fusion-text fusion-text-5\"><p>For any inquiries regarding the PhD Forum please contact the Program &amp; Organizing Committee Chair.<\/p>\n<p>SST 2018 conference will host a PhD Forum on Thursday, October 11, 2018. The PhD Forum will take place at the SST 2018 conference venue \u2013 Hotel Osijek in Osijek, Croatia. The PhD Forum provides an opportunity for doctoral students to present their work in the areas of ICT related to the SST 2018 conference topics to a wider community of researchers from academia and industry. The forum aims to encourage interaction and networking among doctoral students, as well as with the audience.<\/p>\n<p>The PhD Forum will be organized as a poster session, preceded by a fast-paced introduction by each student that offers a preview of the posters. Each student will be given a strictly-timed 2-minutes\u2019 slot to present a \u201cpitch talk\u201d about her\/his research. The purpose of the pitch talk is to provide a brief outline of one\u2019s doctoral research work, with the goal to raise awareness and generate further discussion over the poster session and coffee break that follow.<\/p>\n<p>Doctoral students are invited to submit a two-page extended abstract for review and possible inclusion in the PhD Forum program. The abstracts should be formatted according to the PhD Forum paper submission instructions and templates:<\/p>\n<\/div><div class=\"fusion-sep-clear\"><\/div><div class=\"fusion-separator fusion-full-width-sep\" style=\"margin-left: auto;margin-right: auto;margin-top:20px;margin-bottom:30px;width:100%;\"><\/div><div class=\"fusion-sep-clear\"><\/div><div class=\"fusion-aligncenter\"><a class=\"fusion-button button-flat button-medium button-blue fusion-button-blue button-4 fusion-button-default-span \" target=\"_blank\" rel=\"noopener noreferrer\" href=\"http:\/\/sst-conference.org\/sst2018-phd_forum-abstract_template_tex.zip\"><span class=\"fusion-button-text\">Tex template<\/span><\/a><\/div><div class=\"fusion-sep-clear\"><\/div><div class=\"fusion-separator fusion-full-width-sep\" style=\"margin-left: auto;margin-right: auto;margin-top:20px;margin-bottom:30px;width:100%;\"><\/div><div class=\"fusion-sep-clear\"><\/div><div class=\"fusion-aligncenter\"><a class=\"fusion-button button-flat button-medium button-blue fusion-button-blue button-5 fusion-button-default-span \" target=\"_blank\" rel=\"noopener noreferrer\" href=\"http:\/\/sst-conference.org\/sst2018-phd_forum-abstract_template_doc.zip\"><span class=\"fusion-button-text\">MS Word template<\/span><\/a><\/div><div class=\"fusion-sep-clear\"><\/div><div class=\"fusion-separator fusion-full-width-sep\" style=\"margin-left: auto;margin-right: auto;margin-top:20px;margin-bottom:30px;width:100%;\"><\/div><div class=\"fusion-sep-clear\"><\/div><div class=\"fusion-text fusion-text-6\"><p style=\"text-align: center;\">The abstracts should be submitted before the submission deadline via <em>EasyChair<\/em>.<\/p>\n<p><a href=\"https:\/\/easychair.org\/conferences\/?conf=sst2018\" target=\"_blank\" rel=\"noopener\"><img decoding=\"async\" class=\"aligncenter size-full wp-image-152\" src=\"http:\/\/sst-conference.org\/wp-content\/uploads\/2016\/01\/logoEC.jpg\" alt=\"\" width=\"238\" height=\"69\" \/><\/a><\/p>\n<p>The extended abstract should contain the title, the names and affiliations of the student and her\/his advisor(s), the summary of research goals\/results (of maximum 150 words), the research topic presentation, graphical illustrations to aid the presentation, and the list of references.<\/p>\n<\/div><div class=\"fusion-text fusion-text-7\"><p style=\"text-align: center;\">Presentations and posters should be formatted according to the PhD Forum paper submission instructions and templates.<\/p>\n<\/div><div class=\"fusion-aligncenter\"><a class=\"fusion-button button-flat button-medium button-blue fusion-button-blue button-6 fusion-button-default-span \" target=\"_blank\" rel=\"noopener noreferrer\" href=\"http:\/\/sst-conference.org\/wp-content\/uploads\/2018\/09\/SST2018-PhD_forum-Presentation_instructions.pdf\"><span class=\"fusion-button-text\">Presentation instructions<\/span><\/a><\/div><div class=\"fusion-sep-clear\"><\/div><div class=\"fusion-separator fusion-full-width-sep\" style=\"margin-left: auto;margin-right: auto;margin-top:20px;margin-bottom:30px;width:100%;\"><\/div><div class=\"fusion-sep-clear\"><\/div><div class=\"fusion-aligncenter\"><a class=\"fusion-button button-flat button-medium button-blue fusion-button-blue button-7 fusion-button-default-span \" target=\"_blank\" rel=\"noopener noreferrer\" href=\"http:\/\/sst-conference.org\/wp-content\/uploads\/2018\/09\/SST2018-PhD_forum-Poster_template_ppt.ppt\"><span class=\"fusion-button-text\">.ppt Poster Template<\/span><\/a><\/div><div class=\"fusion-sep-clear\"><\/div><div class=\"fusion-separator fusion-full-width-sep\" style=\"margin-left: auto;margin-right: auto;margin-top:20px;margin-bottom:30px;width:100%;\"><\/div><div class=\"fusion-sep-clear\"><\/div><div class=\"fusion-aligncenter\"><a class=\"fusion-button button-flat button-medium button-blue fusion-button-blue button-8 fusion-button-default-span \" target=\"_blank\" rel=\"noopener noreferrer\" href=\"http:\/\/sst-conference.org\/wp-content\/uploads\/2018\/09\/SST2018-PhD_forum-Presentation_template_ppt.ppt\"><span class=\"fusion-button-text\">.ppt Presentation Template<\/span><\/a><\/div><div class=\"fusion-clearfix\"><\/div><\/div><\/div><\/div><\/div><div class=\"fusion-fullwidth fullwidth-box fusion-builder-row-3 hundred-percent-fullwidth non-hundred-percent-height-scrolling\" style=\"--awb-border-radius-top-left:0px;--awb-border-radius-top-right:0px;--awb-border-radius-bottom-right:0px;--awb-border-radius-bottom-left:0px;--awb-overflow:visible;--awb-flex-wrap:wrap;\" ><div class=\"fusion-builder-row fusion-row\"><div class=\"fusion-layout-column fusion_builder_column fusion-builder-column-6 fusion_builder_column_1_1 1_1 fusion-one-full fusion-column-first fusion-column-last fusion-column-no-min-height\" style=\"--awb-bg-size:cover;--awb-margin-bottom:0px;\"><div class=\"fusion-column-wrapper fusion-flex-column-wrapper-legacy\"><div class=\"fusion-title title fusion-title-6 fusion-title-text fusion-title-size-two\" style=\"--awb-sep-color:#1e73be;\"><h2 class=\"fusion-title-heading title-heading-left\" style=\"margin:0;\">IMPORTANT DATES<\/h2><span class=\"awb-title-spacer\"><\/span><div class=\"title-sep-container\"><div class=\"title-sep sep-single sep-solid\" style=\"border-color:#1e73be;\"><\/div><\/div><\/div><div class=\"fusion-clearfix\"><\/div><\/div><\/div><div class=\"fusion-layout-column fusion_builder_column fusion-builder-column-7 fusion_builder_column_1_4 1_4 fusion-one-fourth fusion-column-first\" style=\"--awb-bg-size:cover;--awb-margin-bottom:0px;width:22%; margin-right: 4%;\"><div class=\"fusion-column-wrapper fusion-flex-column-wrapper-legacy\"><div class=\"fusion-column-content-centered\"><div class=\"fusion-column-content\"><div class=\"fusion-text fusion-text-8\"><h4 style=\"text-align: center;\"><del><strong>Sept. 1, 2018<\/strong><\/del><\/h4>\n<h4 style=\"text-align: center;\"><strong>Sept. 6, 2018<\/strong><\/h4>\n<h4 style=\"text-align: center;\">Extended Abstracts, Due<strong><br \/>\n<\/strong><\/h4>\n<\/div><\/div><\/div><div class=\"fusion-clearfix\"><\/div><\/div><\/div><div class=\"fusion-layout-column fusion_builder_column fusion-builder-column-8 fusion_builder_column_1_4 1_4 fusion-one-fourth\" style=\"--awb-bg-size:cover;--awb-margin-bottom:0px;width:22%; margin-right: 4%;\"><div class=\"fusion-column-wrapper fusion-flex-column-wrapper-legacy\"><div class=\"fusion-column-content-centered\"><div class=\"fusion-column-content\"><div class=\"fusion-text fusion-text-9\"><h4 style=\"text-align: center;\"><del><strong>Sept. 15, 2018<\/strong><\/del><\/h4>\n<h4 style=\"text-align: center;\"><strong>Sept. 20, 2018<\/strong><\/h4>\n<h4 style=\"text-align: center;\">Notification of Acceptance<\/h4>\n<\/div><\/div><\/div><div class=\"fusion-clearfix\"><\/div><\/div><\/div><div class=\"fusion-layout-column fusion_builder_column fusion-builder-column-9 fusion_builder_column_1_4 1_4 fusion-one-fourth\" style=\"--awb-bg-size:cover;--awb-margin-bottom:0px;width:22%; margin-right: 4%;\"><div class=\"fusion-column-wrapper fusion-flex-column-wrapper-legacy\"><div class=\"fusion-column-content-centered\"><div class=\"fusion-column-content\"><div class=\"fusion-text fusion-text-10\"><h4 style=\"text-align: center;\"><del><strong>Sept. 25, 2018<\/strong><\/del><\/h4>\n<h4 style=\"text-align: center;\"><strong>Oct. 1, 2018<\/strong><\/h4>\n<h4 style=\"text-align: center;\">Final Camera-Ready Abstracts, Due<strong><br \/>\n<\/strong><\/h4>\n<\/div><\/div><\/div><div class=\"fusion-clearfix\"><\/div><\/div><\/div><div class=\"fusion-layout-column fusion_builder_column fusion-builder-column-10 fusion_builder_column_1_4 1_4 fusion-one-fourth fusion-column-last\" style=\"--awb-bg-size:cover;--awb-margin-bottom:0px;width:22%;\"><div class=\"fusion-column-wrapper fusion-flex-column-wrapper-legacy\"><div class=\"fusion-column-content-centered\"><div class=\"fusion-column-content\"><div class=\"fusion-text fusion-text-11\"><h4 style=\"text-align: center;\"><strong>Oct. 11, 2018<\/strong><\/h4>\n<h4 style=\"text-align: center;\">PhD Forum Session<strong><br \/>\n<\/strong><\/h4>\n<\/div><\/div><\/div><div class=\"fusion-clearfix\"><\/div><\/div><\/div><\/div><\/div><div class=\"fusion-fullwidth fullwidth-box fusion-builder-row-4 nonhundred-percent-fullwidth non-hundred-percent-height-scrolling\" style=\"--awb-border-radius-top-left:0px;--awb-border-radius-top-right:0px;--awb-border-radius-bottom-right:0px;--awb-border-radius-bottom-left:0px;--awb-flex-wrap:wrap;\" ><div class=\"fusion-builder-row fusion-row\"><div class=\"fusion-layout-column fusion_builder_column fusion-builder-column-11 fusion_builder_column_1_1 1_1 fusion-one-full fusion-column-first fusion-column-last\" style=\"--awb-bg-size:cover;\"><div class=\"fusion-column-wrapper fusion-flex-column-wrapper-legacy\"><div class=\"fusion-sep-clear\"><\/div><div class=\"fusion-separator fusion-full-width-sep\" style=\"margin-left: auto;margin-right: auto;margin-top:20px;margin-bottom:30px;width:100%;\"><\/div><div class=\"fusion-sep-clear\"><\/div><div class=\"fusion-text fusion-text-12\"><p style=\"text-align: center;\">For more information, please refer to Call For Participation.<\/p>\n<\/div><div class=\"fusion-sep-clear\"><\/div><div class=\"fusion-separator fusion-full-width-sep\" style=\"margin-left: auto;margin-right: auto;margin-top:20px;margin-bottom:30px;width:100%;\"><\/div><div class=\"fusion-sep-clear\"><\/div><div class=\"fusion-clearfix\"><\/div><\/div><\/div><\/div><\/div><\/p>\n","protected":false},"excerpt":{"rendered":"","protected":false},"author":1,"featured_media":0,"parent":0,"menu_order":0,"comment_status":"closed","ping_status":"closed","template":"","meta":{"footnotes":""},"_links":{"self":[{"href":"https:\/\/sst-conference.org\/index.php\/wp-json\/wp\/v2\/pages\/1363"}],"collection":[{"href":"https:\/\/sst-conference.org\/index.php\/wp-json\/wp\/v2\/pages"}],"about":[{"href":"https:\/\/sst-conference.org\/index.php\/wp-json\/wp\/v2\/types\/page"}],"author":[{"embeddable":true,"href":"https:\/\/sst-conference.org\/index.php\/wp-json\/wp\/v2\/users\/1"}],"replies":[{"embeddable":true,"href":"https:\/\/sst-conference.org\/index.php\/wp-json\/wp\/v2\/comments?post=1363"}],"version-history":[{"count":30,"href":"https:\/\/sst-conference.org\/index.php\/wp-json\/wp\/v2\/pages\/1363\/revisions"}],"predecessor-version":[{"id":1579,"href":"https:\/\/sst-conference.org\/index.php\/wp-json\/wp\/v2\/pages\/1363\/revisions\/1579"}],"wp:attachment":[{"href":"https:\/\/sst-conference.org\/index.php\/wp-json\/wp\/v2\/media?parent=1363"}],"curies":[{"name":"wp","href":"https:\/\/api.w.org\/{rel}","templated":true}]}}