{"id":1924,"date":"2020-10-02T10:14:22","date_gmt":"2020-10-02T10:14:22","guid":{"rendered":"https:\/\/sst-conference.org\/?page_id=1924"},"modified":"2020-10-13T13:45:30","modified_gmt":"2020-10-13T13:45:30","slug":"sst-2020-conference-program","status":"publish","type":"page","link":"https:\/\/sst-conference.org\/index.php\/sst-2020-conference-program\/","title":{"rendered":"SST 2020 \u2013 CONFERENCE PROGRAM"},"content":{"rendered":"<div class=\"fusion-fullwidth fullwidth-box fusion-builder-row-1 hundred-percent-fullwidth non-hundred-percent-height-scrolling\" style=\"--awb-border-radius-top-left:0px;--awb-border-radius-top-right:0px;--awb-border-radius-bottom-right:0px;--awb-border-radius-bottom-left:0px;--awb-overflow:visible;--awb-flex-wrap:wrap;\" ><div class=\"fusion-builder-row fusion-row\"><div class=\"fusion-layout-column fusion_builder_column fusion-builder-column-0 fusion_builder_column_1_1 1_1 fusion-one-full fusion-column-first fusion-column-last fusion-column-no-min-height\" style=\"--awb-bg-size:cover;--awb-margin-bottom:0px;\"><div class=\"fusion-column-wrapper fusion-flex-column-wrapper-legacy\"><div class=\"fusion-title title fusion-title-1 fusion-title-text fusion-title-size-one\" style=\"--awb-sep-color:#1e73be;\"><h1 class=\"fusion-title-heading title-heading-left\" style=\"margin:0;\">SST 2020 &#8211; CONFERENCE PROGRAM<\/h1><span class=\"awb-title-spacer\"><\/span><div class=\"title-sep-container\"><div class=\"title-sep sep-single sep-solid\" style=\"border-color:#1e73be;\"><\/div><\/div><\/div><div class=\"fusion-text fusion-text-1\"><p><strong>Conference venue:<\/strong> Hotel Osijek, \u0160ama\u010dka ul. 4, 31000, Osijek, Croatia<\/p>\n<\/div><div class=\"fusion-sep-clear\"><\/div><div class=\"fusion-separator fusion-full-width-sep\" style=\"margin-left: auto;margin-right: auto;margin-top:20px;width:100%;\"><\/div><div class=\"fusion-sep-clear\"><\/div><div class=\"fusion-clearfix\"><\/div><\/div><\/div><div class=\"fusion-layout-column fusion_builder_column fusion-builder-column-1 fusion_builder_column_1_2 1_2 fusion-one-half fusion-column-first\" style=\"--awb-bg-size:cover;width:48%; margin-right: 4%;\"><div class=\"fusion-column-wrapper fusion-flex-column-wrapper-legacy\"><div class=\"fusion-title title fusion-title-2 fusion-title-center fusion-title-text fusion-title-size-two\" style=\"--awb-sep-color:#1e73be;\"><div class=\"title-sep-container title-sep-container-left\"><div class=\"title-sep sep-single sep-solid\" style=\"border-color:#1e73be;\"><\/div><\/div><span class=\"awb-title-spacer\"><\/span><h2 class=\"fusion-title-heading title-heading-center\" style=\"margin:0;\"><p style=\"text-align: center;\"><strong>Wednesday, 14 October 2020<\/strong><\/p><\/h2><span class=\"awb-title-spacer\"><\/span><div class=\"title-sep-container title-sep-container-right\"><div class=\"title-sep sep-single sep-solid\" style=\"border-color:#1e73be;\"><\/div><\/div><\/div><div class=\"fusion-text fusion-text-2\"><hr \/>\n<p><span style=\"color: #3366ff;\"><strong>Greetings<br \/>\n(Room A &#8211; Lipa)<\/strong><\/span><\/p>\n<p><span style=\"color: #3366ff;\"><strong>9:00 AM<\/strong><\/span><\/p>\n<p><span style=\"color: #3366ff;\"><strong>General Chair: Professor Drago \u017dagar, Ph.D.<\/strong><\/span><\/p>\n<hr \/>\n<p><span style=\"color: #3366ff;\"><strong>Keynote Lecture 1<br \/>\n(Room A &#8211; Lipa)<\/strong><\/span><\/p>\n<p><strong><span style=\"color: #3366ff;\">9:00 AM &#8211; 10:00 AM<\/span> <\/strong><\/p>\n<p><strong>Professor Henry Muccini, Ph.D.,<br \/>\n<\/strong><em>Software Engineering of Cyber-Physical Spaces for Sustainable Tourism<\/em><strong><br \/>\n<\/strong>Department of Information Engineering, Computer Science and Mathematics,<br \/>\nUniversity of L\u2019Aquila, Italy<strong><br \/>\n<\/strong><\/p>\n<hr \/>\n<p><span style=\"color: #3366ff;\"><strong>Smart Energy I<br \/>\n(Room A &#8211; Lipa)<\/strong><\/span><\/p>\n<p><span style=\"color: #3366ff;\"><strong><span style=\"color: #3366ff;\">10:00 AM &#8211; 11:20 AM<\/span> <\/strong><\/span><\/p>\n<p><span style=\"color: #3366ff;\"><strong>Chairs: Srete Nikolovski, Zvonimir Klai\u0107<br \/>\n<\/strong><\/span><\/p>\n<p><strong>Ivica Petrovi\u0107, Srete Nikolovski, Hrvoje Glava\u0161 and Filip Reli\u0107<\/strong><br \/>\n<em>Analysis of Fuzzy Logic, Application in Power System Fault Detection Automation<\/em><\/p>\n<p><strong>Mario \u0160ipo\u0161, Zvonimir Klai\u0107, Emmanuel Karlo Nyarko, Kre\u0161imir Fekete, Mario Primorac and Damir \u0160ljivac<\/strong><br \/>\n<em>Determining the Fault Position in the Power System<\/em><\/p>\n<p><strong>Ru\u017eica Kljaji\u0107, Predrag Mari\u0107, Filip Reli\u0107 and Hrvoje Glava\u0161<br \/>\n<\/strong><em>Battery Energy Storage Systems and FACTS Devices Influence on Microgrid Voltage Stability<\/em><\/p>\n<p><strong>Daniel Pettersen, Emil Melfald, Abir Chowdhury, Martha N. Acosta, Francisco Gonzalez-Longatt and Danijel Topi\u0107<\/strong><br \/>\n<em>TSO\u2013DSO Performance Considering Volt-Var Control at Smart-Inverters: Case of Vestfold and Telemark in Norway<\/em><\/p>\n<hr \/>\n<p><strong><span style=\"color: #3366ff;\">Computational Intelligence in Smart Systems<\/span><br \/>\n<\/strong><span style=\"color: #3366ff;\"><strong>(Room B &#8211; Kesten)<\/strong><\/span><\/p>\n<p><span style=\"color: #3366ff;\"><strong>10:00 AM &#8211; 11:20 AM<\/strong><\/span><\/p>\n<p><span style=\"color: #3366ff;\"><strong>Chairs: Ratko Grbi\u0107, Dra\u017een Bajer<br \/>\n<\/strong><\/span><\/p>\n<p><strong>Branimir \u0160kugor, Jakov Topi\u0107, Jo\u0161ko Deur, Vladimir Ivanovi\u0107 and Eric Tseng<\/strong><br \/>\n<em>Analysis of a Game Theory-based Model of Vehicle-Pedestrian Interaction at Uncontrolled Crosswalks<\/em><\/p>\n<p><strong>Enkeleda Bocaj, Dimitris Uzunidis, Panagiotis Kasnesis and Charalampos Patrikakis<br \/>\n<\/strong><em>On the Benefits of Deep Convolutional Neural Networks on Animal Activity Recognition<\/em><\/p>\n<p><strong>Bruno Zori\u0107, Dra\u017een Bajer and Mario Dudjak<\/strong><br \/>\n<em>Wrapper-Based Feature Selection via Differential Evolution: Benchmarking Different Discretisation Techniques<\/em><\/p>\n<p><strong>Dra\u017een Bajer, Mario Dudjak and Bruno Zori\u0107<\/strong><br \/>\n<em>Wrapper-Based Feature Selection: How Important is the Wrapped Classifier?<\/em><\/p>\n<hr \/>\n<p><span style=\"color: #3366ff;\"><strong>Coffee Break<\/strong><\/span><\/p>\n<p><span style=\"color: #3366ff;\"><strong>11:20 AM &#8211; 11:50 AM<\/strong><\/span><\/p>\n<hr \/>\n<p><span style=\"color: #3366ff;\"><strong>Computer Engineering Solutions in Smart Systems<\/strong><\/span><\/p>\n<p><span style=\"color: #3366ff;\"><strong>(Room B &#8211; Kesten)<\/strong><\/span><\/p>\n<p><span style=\"color: #3366ff;\"><strong>11:50 AM \u2013 12:50 PM<\/strong><\/span><\/p>\n<p><strong><span style=\"color: #3366ff;\">Chairs: \u017deljko Hocenski, Josip Balen <\/span><br \/>\n<\/strong><\/p>\n<p><strong>Michal Kvet and Karol Matiasko<\/strong><br \/>\n<em>Analysis of Current Trends in Relational Database Indexing<\/em><\/p>\n<p><strong>Marko Boras, Josip Balen and Kre\u0161imir Vdovjak<br \/>\n<\/strong><em>Performance Evaluation of Linux Operating Systems<\/em><\/p>\n<p><strong>Filip Su\u0161ac, Tomislav Mati\u0107, Ivan Vidovi\u0107, Ivan Aleksi and \u017deljko Hocenski<br \/>\n<\/strong>Smart Sticker: Concept for Better Storage and Transportation<\/p>\n<hr \/>\n<p><span style=\"color: #3366ff;\"><strong>Lunch (Restaurant)<br \/>\n<\/strong><\/span><\/p>\n<p><span style=\"color: #3366ff;\"><strong>1:00 PM \u2013 2:00 PM <\/strong><\/span><\/p>\n<hr \/>\n<p><span style=\"color: #3366ff;\"><strong>Smart Technologies for Sustainable Agriculture \u2013 Workshop<br \/>\n<\/strong><strong>(Room A &#8211; Lipa)<\/strong><\/span><\/p>\n<p><span style=\"color: #3366ff;\"><strong>2:00 PM \u2013 3:30 PM<\/strong><\/span><\/p>\n<p><strong><span style=\"color: #3366ff;\">Chairs: Drago \u017dagar, Ivana Podnar \u017darko<\/span><br \/>\n<\/strong><\/p>\n<p><strong>Ivana Podnar \u017darko and Vlatko Gali\u0107<\/strong><br \/>\n<em>IoT-field: project overview and initial results\u00a0\u00a0<\/em><\/p>\n<p><strong>Damjan Katu\u0161i\u0107, Pavle Sko\u010dir, Mario Ku\u0161ek and Igor \u010cavrak<\/strong><br \/>\n<em>Survey on Low Power Wide Area Networks in IoT<\/em><\/p>\n<p><strong>Kre\u0161imir Grgi\u0107, Drago \u017dagar, Josip Balen and Jelena Vlaovi\u0107<br \/>\n<\/strong><em>Internet of Things in Smart Agriculture &#8211; Possibilities and Challenges<\/em><\/p>\n<p><strong>Jelena Vlaovi\u0107, Josip Balen, Kre\u0161imir Grgi\u0107, Drago \u017dagar, Vlatko Gali\u0107 and Domagoj \u0160imi\u0107<br \/>\n<\/strong><em>An Overview of Chlorophyll Fluorescence Measurement Process, Meters and Methods<\/em><\/p>\n<p><strong>Igor Hrovati\u010d<\/strong><br \/>\n<em>FAIRhare, i2connect &amp;WiseFarmer EU projects \u2013 Strong driver on Farmers digitalisation<\/em><\/p>\n<hr \/>\n<p><span style=\"color: #3366ff;\"><strong>RESCUE \u2013 Special Session<br \/>\n<\/strong><strong>(Room B &#8211; Kesten)<\/strong><\/span><\/p>\n<p><span style=\"color: #3366ff;\"><strong>2:00 PM \u2013 3:30 PM<\/strong><\/span><\/p>\n<p><strong><span style=\"color: #3366ff;\">Chairs: Damir \u0160ljivac, Marinko Stojkov, Boris Dumni\u0107<\/span><br \/>\n<\/strong><\/p>\n<p><strong>Boris Dumni\u0107, Bane Popadi\u0107, Dragan Mili\u0107evi\u0107, Damir \u0160ljivac, Matej \u017dnidarec, Marinko Stojkov, Antun Barac, Edita Stoki\u0107, Budislav Petrovi\u0107, Zorislav Guttler and Dejan Feri\u0107<\/strong><br \/>\n<em>Renewable Energy Sources for smart sustainable health Centers, University Education and other public buildings<\/em><\/p>\n<p><strong>Matej \u017dnidarec, Damir \u0160ljivac, Dario Do\u0161en and Branka Nakom\u010di\u0107-Smaragdakis<br \/>\n<\/strong><em>Performance Evaluation of Simple PV Microgrid Energy Management System<\/em><\/p>\n<p><strong>Marinko Stojkov, Kre\u0161imir Crnogorac, Damir \u0160ljivac, Ante \u010ciki\u0107, Ivan Samard\u017ei\u0107, Antun Stoi\u0107, Mladen Hercog, Bernarda Crnogorac, Tomislav Alinjak and Mladen Bo\u0161njakovi\u0107<br \/>\n<\/strong><em>Reducing Energy Consumption and Optimisation of Indoor Living Parameters<\/em><\/p>\n<p><strong>Barbara Vujkov, Boris Dumni\u0107, Bane Popadi\u0107, Tatjana Grbi\u0107 and Dragan Mili\u0107evi\u0107<br \/>\n<\/strong><em>Optimal Energy Management in Public Buildings Using Mixed-Integer Linear Programming<\/em><\/p>\n<hr \/>\n<p><span style=\"color: #3366ff;\"><strong>Coffee Break<br \/>\n<\/strong><\/span><\/p>\n<p><span style=\"color: #3366ff;\"><strong>3:30 PM &#8211; 4:00 PM <\/strong><\/span><\/p>\n<hr \/>\n<p><strong><span style=\"color: #3366ff;\">Smart Energy II<\/span><br \/>\n<\/strong><span style=\"color: #3366ff;\"><strong>(Room A &#8211; Lipa)<\/strong><\/span><\/p>\n<p><span style=\"color: #3366ff;\"><strong>4:00 PM &#8211; 5:20 PM <\/strong><\/span><\/p>\n<p><span style=\"color: #3366ff;\"><strong>Chairs: Goran Kne\u017eevi\u0107, Kre\u0161imir Fekete<br \/>\n<\/strong><\/span><\/p>\n<p><strong>Goran Kne\u017eevi\u0107, Monika Maligec, Velimir Golub and Danijel Topi\u0107<\/strong><br \/>\n<em>The Optimal Utilization of the Battery Storage for a Virtual Prosumer Participating on a Day-Ahead Market<\/em><\/p>\n<p><strong>Lejla Bandic, Jasna Hivziefendic, Mirza Sari\u0107 and Majda Te\u0161anovi\u0107<br \/>\n<\/strong><em>Voltage Regulation of PV System with MPPT and Battery Storage in Microgrid<\/em><\/p>\n<p><strong>Bo\u017eidar Horvatovi\u0107, Robert Noskov, Kre\u0161imir Fekete and Ana Androji\u0107<br \/>\n<\/strong><em>Operation of the Microgrid with Wind Power Plant: A Case Study<\/em><\/p>\n<p><strong>Francisco Gonzalez-Longatt, Martha N. Acosta, Harold R. Chamorro and Danijel Topi\u0107<br \/>\n<\/strong><em>Short-Term Kinetic Energy Forecast using a Structural Time Series Model: Study Case of Nordic Power System<\/em><\/p>\n<hr \/>\n<p><strong><span style=\"color: #3366ff;\">Smart Systems Modelling and Education<\/span><br \/>\n<\/strong><span style=\"color: #3366ff;\"><strong>(Room B &#8211; Kesten)<\/strong><\/span><\/p>\n<p><span style=\"color: #3366ff;\"><strong>4:00 PM &#8211; 5:00 PM <\/strong><\/span><\/p>\n<p><span style=\"color: #3366ff;\"><strong>Chairs: Emmanuel Karlo Nyarko, Denis Pelin<br \/>\n<\/strong><\/span><\/p>\n<p><strong>Dinka Lale, Marko Or\u0161uli\u0107 and Ivana Palunko<br \/>\n<\/strong><em>Modelling and Soft-Start Control of Measurement and Transport Line<\/em><\/p>\n<p><strong>Branimir \u0160kugor and Jo\u0161ko Deur<br \/>\n<\/strong><em>City Bus Mass Estimation Based on GPS and CAN-Collected Tracking Data<\/em><\/p>\n<p><strong>Andrej Brandis, Denis Pelin, Danijel Topi\u0107 and Matej \u017dnidarec<br \/>\n<\/strong><em>Smart-Scaled RES Equipment as a Practical Tool for Teaching Students<\/em><\/p>\n<hr \/>\n<p><span style=\"color: #3366ff;\"><strong>8:00 PM \u2013 11:00 PM<br \/>\nWelcome Reception<\/strong><\/span><\/p>\n<hr \/>\n<\/div><div class=\"fusion-clearfix\"><\/div><\/div><\/div><div class=\"fusion-layout-column fusion_builder_column fusion-builder-column-2 fusion_builder_column_1_2 1_2 fusion-one-half fusion-column-last\" style=\"--awb-bg-size:cover;width:48%;\"><div class=\"fusion-column-wrapper fusion-flex-column-wrapper-legacy\"><div class=\"fusion-title title fusion-title-3 fusion-title-center fusion-title-text fusion-title-size-two\" style=\"--awb-sep-color:#1e73be;\"><div class=\"title-sep-container title-sep-container-left\"><div class=\"title-sep sep-single sep-solid\" style=\"border-color:#1e73be;\"><\/div><\/div><span class=\"awb-title-spacer\"><\/span><h2 class=\"fusion-title-heading title-heading-center\" style=\"margin:0;\"><p style=\"text-align: center;\"><strong>Thursday, 15 October 2020<\/strong><\/p><\/h2><span class=\"awb-title-spacer\"><\/span><div class=\"title-sep-container title-sep-container-right\"><div class=\"title-sep sep-single sep-solid\" style=\"border-color:#1e73be;\"><\/div><\/div><\/div><div class=\"fusion-text fusion-text-3\"><hr \/>\n<p><strong><span style=\"color: #3366ff;\">Wireless Communications and Networks<\/span><br \/>\n<\/strong><span style=\"color: #3366ff;\"><strong>(Room B &#8211; Kesten)<\/strong><\/span><\/p>\n<p><span style=\"color: #3366ff;\"><strong>8:30 AM &#8211; 9:30 AM<\/strong><\/span><\/p>\n<p><span style=\"color: #3366ff;\"><strong>Chairs: Slavko Rup\u010di\u0107, Kre\u0161imir Grgi\u0107<br \/>\n<\/strong><\/span><\/p>\n<p><strong>Vanja Mandri\u0107 Radivojevi\u0107, Slavko Rup\u010di\u0107, Ivana Mili\u010devi\u0107 and Irena I\u0161toka Otkovi\u0107<\/strong><br \/>\n<em>Electromagnetic Wave Attenuation by Plane Concrete in the Frequency Range of 4G and 5G Systems<\/em><\/p>\n<p><strong>Vanja Mandri\u0107 Radivojevi\u0107, Slavko Rup\u010di\u0107, Nata\u0161a Ne\u0161i\u0107 and An\u0111elko Li\u0161nji\u0107<\/strong><br \/>\n<em>Reflection Coefficient of Circular Waveguide Aperture Antenna Covered by Dielectric Radome<\/em><\/p>\n<p><strong>Ana Buru\u0161i\u0107, Josip Balen and Kruno Semialjac<\/strong><br \/>\n<em>Review and Analysis of Bio-Inspired Routing Protocols in VANETs<\/em><\/p>\n<hr \/>\n<p><strong><span style=\"color: #3366ff;\">Smart Energy III<\/span><br \/>\n<\/strong><span style=\"color: #3366ff;\"><strong>(Room A &#8211; Lipa)<\/strong><\/span><\/p>\n<p><span style=\"color: #3366ff;\"><strong>8:30 AM &#8211; 9:50 AM<\/strong><\/span><\/p>\n<p><span style=\"color: #3366ff;\"><strong>Chairs: Hrvoje Glava\u0161, Tomislav Capuder<br \/>\n<\/strong><\/span><\/p>\n<p><strong>Chittaranjan Pradhan and Terje Gjengedal<\/strong><br \/>\n<em>Adaptive Jaya Algorithm for Optimized PI-PD Cascade Controller of Load Frequency Control in Interconnected Two-Area Power System<\/em><\/p>\n<p><strong>Jose A. Barrios-Gomez, Francisco Sanchez, Gianfranco Claudio, Francisco Gonzalez-Longatt, Martha N. Acosta and Danijel Topi\u0107<br \/>\n<\/strong><em>RoCoF Calculation Using Low-Cost Hardware in the Loop: Multi-area Nordic Power System<\/em><\/p>\n<p><strong>Harold R. Chamorro, Francisco Gonzalez-Longatt, Danijel Topic, Maude J. Blondin, Vijay K. Sood and Wilmar Martinez<\/strong><br \/>\n<em>Multi-Objective Approach for Hydro Governors Control Tuning<\/em><\/p>\n<p><strong>Ivan Sudi\u0107, Matko Mesar, Bojan Franc, Tomislav Capuder, Tomislav Ivankovi\u0107, Krunoslav Pavi\u0107 and Ivica Pavi\u0107<\/strong><br \/>\n<em>Short-Term Transmission System Losses Forecast Based on Supervised Machine Learning<\/em><\/p>\n<hr \/>\n<p><span style=\"color: #3366ff;\"><strong>Technical Lecture 1<br \/>\n(Room B &#8211; Kesten)<\/strong><\/span><\/p>\n<p><span style=\"color: #3366ff;\"><strong>10:00 AM &#8211; 10:30 AM<\/strong><\/span><\/p>\n<p><strong>Kristina Leko Ku\u0161trak<\/strong><br \/>\n<em>AKD u projektima digitalne transformacije<br \/>\n<\/em>AKD d.o.o., Zagreb, Croatia<\/p>\n<hr \/>\n<p><span style=\"color: #3366ff;\"><strong>Coffee Break<\/strong><\/span><\/p>\n<p><span style=\"color: #3366ff;\"><strong>10:30 AM &#8211; 11:00 AM<\/strong><\/span><\/p>\n<hr \/>\n<p><span style=\"color: #3366ff;\"><strong>Opening Ceremony<br \/>\n(Room B &#8211; Kesten)<br \/>\n<\/strong><\/span><\/p>\n<p><span style=\"color: #3366ff;\"><strong>11:00 AM &#8211; 11:30 AM<\/strong><\/span><\/p>\n<p><span style=\"color: #3366ff;\"><strong>Chairs: <\/strong>Drago \u017dagar, Snje\u017eana Rimac Drlje, Goran Martinovi\u0107, Kruno Mili\u010devi\u0107, Irena Gali\u0107, Josip Balen, Danijel Topi\u0107 <strong><br \/>\n<\/strong><\/span><\/p>\n<hr \/>\n<p><span style=\"color: #3366ff;\"><strong>Keynote Lecture 2:<br \/>\n(Room B &#8211; Kesten)<br \/>\n<\/strong><\/span><\/p>\n<p><span style=\"color: #3366ff;\"><strong><span style=\"color: #3366ff;\">11:30 AM \u2013 12:30 PM<\/span><br \/>\n<\/strong><\/span><\/p>\n<p><strong>Univ.Prof. Dr.techn. Markus Rupp,<\/strong> <em>Wireless Communications of the Future<br \/>\n<\/em>Institute of Telecommunications, Technische Universit\u00e4t Wien, Vienna, Austria<\/p>\n<hr \/>\n<p><span style=\"color: #3366ff;\"><strong>Technical Lecture 2<br \/>\n(Room B &#8211; Kesten)<\/strong><\/span><\/p>\n<p><span style=\"color: #3366ff;\"><strong>12:30 PM &#8211; 1:00 PM<\/strong><\/span><\/p>\n<p><strong>Karla Kurjan<br \/>\n<\/strong><em>HbbTV usluge<br \/>\n<\/em>Oda\u0161ilja\u010di i veze d.o.o., Zagreb, Croatia<\/p>\n<hr \/>\n<p><span style=\"color: #3366ff;\"><strong><span style=\"color: #3366ff;\">Lunch<\/span> (Restaurant)<\/strong><\/span><\/p>\n<p><span style=\"color: #3366ff;\"><strong>1:00 PM \u2013 2:30 PM<\/strong><\/span><\/p>\n<hr \/>\n<p><span style=\"color: #3366ff;\"><strong>Smart Grid and Internet of Energy &#8211;\u00a0 Workshop<br \/>\n<\/strong><strong>(Room B &#8211; Kesten)<\/strong><br \/>\n<\/span><\/p>\n<p><span style=\"color: #3366ff;\"><strong>2:30 PM &#8211; 4:00 PM<\/strong><\/span><\/p>\n<p><strong><span style=\"color: #3366ff;\">Chairs: Denis Vranje\u0161, Marko Vukobratovi\u0107<br \/>\n<\/span><\/strong><\/p>\n<p><strong>Marko Vukobratovi\u0107, Mario Hercog, Ivan Varga, Domagoj Vukovi\u0107, Zvonimir Klai\u0107 and Denis Vranje\u0161<\/strong><br \/>\n<em>Survey of Methods for Advanced Distribution Management Systems<\/em><\/p>\n<p><strong>Marko Vukobratovi\u0107, Mario Hercog, Ivan Varga, Domagoj Vukovi\u0107, Branimir Valenti\u0107, Marijana Liovi\u0107, Juraj Pivac and Bojan Bijeli\u0107<\/strong><br \/>\n<em>Smart Electrical Grid Integration Platform \u2013 SEGIP: Overview of the Project Scope and Goals<\/em><\/p>\n<hr \/>\n<p><span style=\"color: #3366ff;\"><strong>Smart transmission system for wide wind energy integration<br \/>\n<\/strong><strong>(Room B &#8211; Kesten)<\/strong><\/span><\/p>\n<p><strong>4:00 PM &#8211; 5:30 PM<\/strong><\/p>\n<p><span style=\"color: #3366ff;\"><strong>Contributors: <\/strong><\/span>Ninoslav Holjevac, Tomislav Ba\u0161karad, Josip \u0110akovi\u0107, Matej Krpan, Igor Kuzle, Bojan Franc, Igor Ivankovi\u0107, Antun Adri\u0107, Boris Avramovi\u0107, Renata Rube\u0161a, Goran Leva\u010di\u0107, Nenad \u0160varc.<\/p>\n<hr \/>\n<p><span style=\"color: #3366ff;\"><strong>City <span style=\"color: #3366ff;\">Tour<\/span>, Gala Dinner and Awards Ceremony<\/strong><\/span><\/p>\n<p><span style=\"color: #3366ff;\"><strong>6:00 PM \u2013 10:00 PM<\/strong><\/span><\/p>\n<p>City Tour (6:00 PM), Gala Dinner and Awards Ceremony (8:00 PM)<\/p>\n<\/div><div class=\"fusion-sep-clear\"><\/div><div class=\"fusion-separator fusion-full-width-sep\" style=\"margin-left: auto;margin-right: auto;margin-top:30px;margin-bottom:30px;width:100%;\"><div class=\"fusion-separator-border sep-double\" style=\"--awb-height:20px;--awb-amount:20px;border-color:#e0dede;border-top-width:0px;border-bottom-width:0px;\"><\/div><\/div><div class=\"fusion-sep-clear\"><\/div><div class=\"fusion-title title fusion-title-4 fusion-title-center fusion-title-text fusion-title-size-two\" style=\"--awb-sep-color:#1e73be;\"><div class=\"title-sep-container title-sep-container-left\"><div class=\"title-sep sep-single sep-solid\" style=\"border-color:#1e73be;\"><\/div><\/div><span class=\"awb-title-spacer\"><\/span><h2 class=\"fusion-title-heading title-heading-center\" style=\"margin:0;\"><p style=\"text-align: center;\"><strong>Friday, 16 October 2020<\/strong><\/p><\/h2><span class=\"awb-title-spacer\"><\/span><div class=\"title-sep-container title-sep-container-right\"><div class=\"title-sep sep-single sep-solid\" style=\"border-color:#1e73be;\"><\/div><\/div><\/div><div class=\"fusion-text fusion-text-4\"><hr \/>\n<p><strong><span style=\"color: #3366ff;\">Energy Communities for Citizen Participation in the Energy Network \u2013 Workshop<\/span><br \/>\n<\/strong><span style=\"color: #3366ff;\"><strong>(Room A &#8211; Lipa)<\/strong><\/span><\/p>\n<p><span style=\"color: #3366ff;\"><strong>9:<span style=\"color: #3366ff;\">00<\/span> AM \u2013 10:30 AM<\/strong><\/span><\/p>\n<p><span style=\"color: #3366ff;\"><strong>Speakers: Andrej F. Gubina, Tomi Medved, Ga\u0161per Arta\u010d, Boris Pavlin<\/strong><\/span><\/p>\n<hr \/>\n<p><strong><span style=\"color: #3366ff;\">Image and Video Processing<\/span><br \/>\n<\/strong><span style=\"color: #3366ff;\"><strong>(Room A &#8211; Lipa)<\/strong><\/span><\/p>\n<p><span style=\"color: #3366ff;\"><strong>10:30 AM \u2013 11:30 <span style=\"color: #3366ff;\">AM<\/span><\/strong><\/span><\/p>\n<p><span style=\"color: #3366ff;\"><strong>Chairs: Mario Vranje\u0161, Snje\u017eana Rimac Drlje<br \/>\n<\/strong><\/span><\/p>\n<p><strong>Danijel Babi\u0107, Matija Pul, Luka Umiljanovi\u0107 and Mario Vranje\u0161<\/strong><br \/>\n<em>Automotive Video Data Gathering and Reproduction Tool<\/em><\/p>\n<p><strong>Jelena Vlaovi\u0107, Drago \u017dagar, Snje\u017eana Rimac-Drlje and Luka Filipovi\u0107<\/strong><br \/>\n<em>Comparison of Representation Switching Number and Achieved Bit-Rate in DASH Algorithms<\/em><\/p>\n<p><strong>Dina Juki\u0107, Hrvoje Glava\u0161, \u017deljko Jer\u0161ek and Nikola Vei\u0107<\/strong><br \/>\n<em>Photometric Testing of a Liquid Crystal Display<\/em><\/p>\n<hr \/>\n<p><span style=\"color: #3366ff;\"><strong>Closing Ceremony<br \/>\n<\/strong><\/span><span style=\"color: #3366ff;\"><strong>(Room A &#8211; Lipa)<\/strong><\/span><\/p>\n<p><span style=\"color: #3366ff;\"><strong>11:30 AM \u2013 12:00 AM<br \/>\n<\/strong><\/span><\/p>\n<hr \/>\n<p><span style=\"color: #3366ff;\"><strong>Coffee and Light Lunch<\/strong><\/span><\/p>\n<p><span style=\"color: #3366ff;\"><strong>12:00 AM \u2013 13:00 PM<br \/>\n<\/strong><\/span><\/p>\n<\/div><div class=\"fusion-clearfix\"><\/div><\/div><\/div><\/div><\/div>\n","protected":false},"excerpt":{"rendered":"","protected":false},"author":1,"featured_media":0,"parent":0,"menu_order":0,"comment_status":"closed","ping_status":"closed","template":"","meta":{"footnotes":""},"_links":{"self":[{"href":"https:\/\/sst-conference.org\/index.php\/wp-json\/wp\/v2\/pages\/1924"}],"collection":[{"href":"https:\/\/sst-conference.org\/index.php\/wp-json\/wp\/v2\/pages"}],"about":[{"href":"https:\/\/sst-conference.org\/index.php\/wp-json\/wp\/v2\/types\/page"}],"author":[{"embeddable":true,"href":"https:\/\/sst-conference.org\/index.php\/wp-json\/wp\/v2\/users\/1"}],"replies":[{"embeddable":true,"href":"https:\/\/sst-conference.org\/index.php\/wp-json\/wp\/v2\/comments?post=1924"}],"version-history":[{"count":22,"href":"https:\/\/sst-conference.org\/index.php\/wp-json\/wp\/v2\/pages\/1924\/revisions"}],"predecessor-version":[{"id":1963,"href":"https:\/\/sst-conference.org\/index.php\/wp-json\/wp\/v2\/pages\/1924\/revisions\/1963"}],"wp:attachment":[{"href":"https:\/\/sst-conference.org\/index.php\/wp-json\/wp\/v2\/media?parent=1924"}],"curies":[{"name":"wp","href":"https:\/\/api.w.org\/{rel}","templated":true}]}}