{"id":1982,"date":"2021-03-10T11:51:22","date_gmt":"2021-03-10T11:51:22","guid":{"rendered":"https:\/\/sst-conference.org\/?page_id=1982"},"modified":"2021-03-10T11:57:29","modified_gmt":"2021-03-10T11:57:29","slug":"awards-2","status":"publish","type":"page","link":"https:\/\/sst-conference.org\/index.php\/awards-2\/","title":{"rendered":"AWARDS"},"content":{"rendered":"<div class=\"fusion-fullwidth fullwidth-box fusion-builder-row-1 hundred-percent-fullwidth non-hundred-percent-height-scrolling\" style=\"--awb-border-radius-top-left:0px;--awb-border-radius-top-right:0px;--awb-border-radius-bottom-right:0px;--awb-border-radius-bottom-left:0px;--awb-overflow:visible;--awb-flex-wrap:wrap;\" ><div class=\"fusion-builder-row fusion-row\"><div class=\"fusion-layout-column fusion_builder_column fusion-builder-column-0 fusion_builder_column_1_1 1_1 fusion-one-full fusion-column-first fusion-column-last fusion-column-no-min-height\" style=\"--awb-bg-size:cover;--awb-margin-bottom:0px;\"><div class=\"fusion-column-wrapper fusion-flex-column-wrapper-legacy\"><div class=\"fusion-title title fusion-title-1 fusion-title-text fusion-title-size-one\" style=\"--awb-sep-color:#1e73be;\"><h1 class=\"fusion-title-heading title-heading-left\" style=\"margin:0;\">AWARDS<\/h1><span class=\"awb-title-spacer\"><\/span><div class=\"title-sep-container\"><div class=\"title-sep sep-single sep-solid\" style=\"border-color:#1e73be;\"><\/div><\/div><\/div><div class=\"fusion-sep-clear\"><\/div><div class=\"fusion-separator fusion-full-width-sep\" style=\"margin-left: auto;margin-right: auto;width:100%;\"><\/div><div class=\"fusion-sep-clear\"><\/div><div class=\"fusion-text fusion-text-1\"><h1 style=\"text-align: center;\">Best Conference Paper Award<\/h1>\n<\/div><div class=\"fusion-sep-clear\"><\/div><div class=\"fusion-separator fusion-full-width-sep\" style=\"margin-left: auto;margin-right: auto;margin-bottom:20px;width:100%;\"><div class=\"fusion-separator-border sep-single sep-solid\" style=\"--awb-height:20px;--awb-amount:20px;--awb-sep-color:#1e73be;border-color:#1e73be;border-top-width:1px;\"><\/div><\/div><div class=\"fusion-sep-clear\"><\/div><div class=\"fusion-clearfix\"><\/div><\/div><\/div><div class=\"fusion-layout-column fusion_builder_column fusion-builder-column-1 fusion_builder_column_1_3 1_3 fusion-one-third fusion-column-first\" style=\"--awb-bg-size:cover;width:30.6666%; margin-right: 4%;\"><div class=\"fusion-column-wrapper fusion-flex-column-wrapper-legacy\"><div class=\"fusion-text fusion-text-2\"><p><img decoding=\"async\" class=\"aligncenter size-large wp-image-1987\" src=\"https:\/\/sst-conference.org\/wp-content\/uploads\/2021\/03\/03-1024x724.jpg\" alt=\"\" width=\"1024\" height=\"724\" srcset=\"https:\/\/sst-conference.org\/wp-content\/uploads\/2021\/03\/03-200x141.jpg 200w, https:\/\/sst-conference.org\/wp-content\/uploads\/2021\/03\/03-300x212.jpg 300w, https:\/\/sst-conference.org\/wp-content\/uploads\/2021\/03\/03-400x283.jpg 400w, https:\/\/sst-conference.org\/wp-content\/uploads\/2021\/03\/03-500x353.jpg 500w, https:\/\/sst-conference.org\/wp-content\/uploads\/2021\/03\/03-600x424.jpg 600w, https:\/\/sst-conference.org\/wp-content\/uploads\/2021\/03\/03-768x543.jpg 768w, https:\/\/sst-conference.org\/wp-content\/uploads\/2021\/03\/03-800x565.jpg 800w, https:\/\/sst-conference.org\/wp-content\/uploads\/2021\/03\/03-1024x724.jpg 1024w, https:\/\/sst-conference.org\/wp-content\/uploads\/2021\/03\/03.jpg 1200w\" sizes=\"(max-width: 1024px) 100vw, 1024px\" \/><\/p>\n<\/div><div class=\"fusion-text fusion-text-3\"><h2 style=\"text-align: center;\"><strong>Smart Energy I<\/strong><\/h2>\n<p style=\"text-align: center;\"><strong>Daniel Pettersen, Emil Melfald, Abir Chowdhury,<br \/>\nMartha N. Acosta, Francisco Gonzalez-Longatt <\/strong>and <strong>Danijel Topi\u0107<\/strong><\/p>\n<p style=\"text-align: center;\"><em>TSO\u2013DSO Performance Considering Volt-Var Control at Smart-Inverters:<br \/>\nCase of Vestfold and Telemark in Norway<\/em><\/p>\n<\/div><div class=\"fusion-clearfix\"><\/div><\/div><\/div><div class=\"fusion-layout-column fusion_builder_column fusion-builder-column-2 fusion_builder_column_1_3 1_3 fusion-one-third\" style=\"--awb-bg-size:cover;width:30.6666%; margin-right: 4%;\"><div class=\"fusion-column-wrapper fusion-flex-column-wrapper-legacy\"><div class=\"fusion-text fusion-text-4\"><p><img decoding=\"async\" class=\"aligncenter size-large wp-image-1986\" src=\"https:\/\/sst-conference.org\/wp-content\/uploads\/2021\/03\/02-1024x724.jpg\" alt=\"\" width=\"1024\" height=\"724\" srcset=\"https:\/\/sst-conference.org\/wp-content\/uploads\/2021\/03\/02-200x141.jpg 200w, https:\/\/sst-conference.org\/wp-content\/uploads\/2021\/03\/02-300x212.jpg 300w, https:\/\/sst-conference.org\/wp-content\/uploads\/2021\/03\/02-400x283.jpg 400w, https:\/\/sst-conference.org\/wp-content\/uploads\/2021\/03\/02-500x353.jpg 500w, https:\/\/sst-conference.org\/wp-content\/uploads\/2021\/03\/02-600x424.jpg 600w, https:\/\/sst-conference.org\/wp-content\/uploads\/2021\/03\/02-768x543.jpg 768w, https:\/\/sst-conference.org\/wp-content\/uploads\/2021\/03\/02-800x565.jpg 800w, https:\/\/sst-conference.org\/wp-content\/uploads\/2021\/03\/02-1024x724.jpg 1024w, https:\/\/sst-conference.org\/wp-content\/uploads\/2021\/03\/02.jpg 1200w\" sizes=\"(max-width: 1024px) 100vw, 1024px\" \/><\/p>\n<\/div><div class=\"fusion-text fusion-text-5\"><h2 style=\"text-align: center;\"><strong>Smart Technologies for Sustainable Agriculture \u2013 Workshop<\/strong><\/h2>\n<p style=\"text-align: center;\"><strong>Damjan Katu\u0161i\u0107, Pavle Sko\u010dir, Mario Ku\u0161ek <\/strong>and<strong> Igor \u010cavrak<\/strong><\/p>\n<p style=\"text-align: center;\"><em>Survey on Low Power Wide Area Networks in IoT<\/em><\/p>\n<\/div><div class=\"fusion-clearfix\"><\/div><\/div><\/div><div class=\"fusion-layout-column fusion_builder_column fusion-builder-column-3 fusion_builder_column_1_3 1_3 fusion-one-third fusion-column-last\" style=\"--awb-bg-size:cover;width:30.6666%;\"><div class=\"fusion-column-wrapper fusion-flex-column-wrapper-legacy\"><div class=\"fusion-text fusion-text-6\"><p><img decoding=\"async\" class=\"aligncenter size-large wp-image-1985\" src=\"https:\/\/sst-conference.org\/wp-content\/uploads\/2021\/03\/01-1024x724.jpg\" alt=\"\" width=\"1024\" height=\"724\" srcset=\"https:\/\/sst-conference.org\/wp-content\/uploads\/2021\/03\/01-200x141.jpg 200w, https:\/\/sst-conference.org\/wp-content\/uploads\/2021\/03\/01-300x212.jpg 300w, https:\/\/sst-conference.org\/wp-content\/uploads\/2021\/03\/01-400x283.jpg 400w, https:\/\/sst-conference.org\/wp-content\/uploads\/2021\/03\/01-500x353.jpg 500w, https:\/\/sst-conference.org\/wp-content\/uploads\/2021\/03\/01-600x424.jpg 600w, https:\/\/sst-conference.org\/wp-content\/uploads\/2021\/03\/01-768x543.jpg 768w, https:\/\/sst-conference.org\/wp-content\/uploads\/2021\/03\/01-800x565.jpg 800w, https:\/\/sst-conference.org\/wp-content\/uploads\/2021\/03\/01-1024x724.jpg 1024w, https:\/\/sst-conference.org\/wp-content\/uploads\/2021\/03\/01.jpg 1200w\" sizes=\"(max-width: 1024px) 100vw, 1024px\" \/><\/p>\n<\/div><div class=\"fusion-text fusion-text-7\"><h2 style=\"text-align: center;\"><strong>Smart Systems Modelling and Education<\/strong><\/h2>\n<p style=\"text-align: center;\"><strong>Branimir \u0160kugor <\/strong>and <strong>Jo\u0161ko Deur<\/strong><\/p>\n<p style=\"text-align: center;\"><em>City Bus Mass Estimation Based on GPS and CAN-Collected Tracking Data<\/em><\/p>\n<\/div><div class=\"fusion-clearfix\"><\/div><\/div><\/div><\/div><\/div>\n","protected":false},"excerpt":{"rendered":"","protected":false},"author":1,"featured_media":0,"parent":0,"menu_order":0,"comment_status":"closed","ping_status":"closed","template":"","meta":{"footnotes":""},"_links":{"self":[{"href":"https:\/\/sst-conference.org\/index.php\/wp-json\/wp\/v2\/pages\/1982"}],"collection":[{"href":"https:\/\/sst-conference.org\/index.php\/wp-json\/wp\/v2\/pages"}],"about":[{"href":"https:\/\/sst-conference.org\/index.php\/wp-json\/wp\/v2\/types\/page"}],"author":[{"embeddable":true,"href":"https:\/\/sst-conference.org\/index.php\/wp-json\/wp\/v2\/users\/1"}],"replies":[{"embeddable":true,"href":"https:\/\/sst-conference.org\/index.php\/wp-json\/wp\/v2\/comments?post=1982"}],"version-history":[{"count":4,"href":"https:\/\/sst-conference.org\/index.php\/wp-json\/wp\/v2\/pages\/1982\/revisions"}],"predecessor-version":[{"id":1990,"href":"https:\/\/sst-conference.org\/index.php\/wp-json\/wp\/v2\/pages\/1982\/revisions\/1990"}],"wp:attachment":[{"href":"https:\/\/sst-conference.org\/index.php\/wp-json\/wp\/v2\/media?parent=1982"}],"curies":[{"name":"wp","href":"https:\/\/api.w.org\/{rel}","templated":true}]}}