{"id":2198,"date":"2022-05-12T11:21:14","date_gmt":"2022-05-12T11:21:14","guid":{"rendered":"https:\/\/sst-conference.org\/?page_id=2198"},"modified":"2022-10-17T12:06:19","modified_gmt":"2022-10-17T12:06:19","slug":"workshop-smart_agriculture","status":"publish","type":"page","link":"https:\/\/sst-conference.org\/index.php\/workshop-smart_agriculture\/","title":{"rendered":"WORKSHOP"},"content":{"rendered":"<div class=\"fusion-fullwidth fullwidth-box fusion-builder-row-1 hundred-percent-fullwidth non-hundred-percent-height-scrolling\" style=\"--awb-border-radius-top-left:0px;--awb-border-radius-top-right:0px;--awb-border-radius-bottom-right:0px;--awb-border-radius-bottom-left:0px;--awb-overflow:visible;--awb-flex-wrap:wrap;\" ><div class=\"fusion-builder-row fusion-row\"><div class=\"fusion-layout-column fusion_builder_column fusion-builder-column-0 fusion_builder_column_1_1 1_1 fusion-one-full fusion-column-first fusion-column-last fusion-column-no-min-height\" style=\"--awb-bg-size:cover;--awb-margin-bottom:0px;\"><div class=\"fusion-column-wrapper fusion-flex-column-wrapper-legacy\"><div class=\"fusion-title title fusion-title-1 fusion-title-text fusion-title-size-one\" style=\"--awb-sep-color:#1e73be;\"><h1 class=\"fusion-title-heading title-heading-left\" style=\"margin:0;\">WORKSHOP<\/h1><span class=\"awb-title-spacer\"><\/span><div class=\"title-sep-container\"><div class=\"title-sep sep-single sep-solid\" style=\"border-color:#1e73be;\"><\/div><\/div><\/div><div class=\"fusion-sep-clear\"><\/div><div class=\"fusion-separator fusion-full-width-sep\" style=\"margin-left: auto;margin-right: auto;margin-top:20px;width:100%;\"><\/div><div class=\"fusion-sep-clear\"><\/div><div class=\"fusion-clearfix\"><\/div><\/div><\/div><div class=\"fusion-layout-column fusion_builder_column fusion-builder-column-1 fusion_builder_column_1_1 1_1 fusion-one-full fusion-column-first fusion-column-last fusion-column-no-min-height\" style=\"--awb-bg-size:cover;--awb-margin-bottom:0px;\"><div class=\"fusion-column-wrapper fusion-flex-column-wrapper-legacy\"><div class=\"fusion-title title fusion-title-2 fusion-title-text fusion-title-size-two\" style=\"--awb-sep-color:#1e73be;\"><h2 class=\"fusion-title-heading title-heading-left\" style=\"margin:0;\"><h2 style=\"text-align: center;\"><strong>Smart technologies for sustainable agriculture <\/strong><\/h2><\/h2><span class=\"awb-title-spacer\"><\/span><div class=\"title-sep-container\"><div class=\"title-sep sep-single sep-solid\" style=\"border-color:#1e73be;\"><\/div><\/div><\/div><div class=\"fusion-text fusion-text-1\"><h3><strong>Workshop Chairs<\/strong><\/h3>\n<ul>\n<li><span style=\"color: windowtext;\"><strong>Drago \u017dagar<\/strong>, University of J. J. Strossmayer in Osijek, Faculty of Electrical Engineering, Computing and Information Technologies, Osijek, Croatia<\/span><\/li>\n<li><span style=\"color: windowtext;\"><strong>Ivana Podnar \u017darko<\/strong>, University of Zagreb, Faculty of Electrical Engineering and Computing, Zagreb, Croatia<\/span><\/li>\n<li><span style=\"color: windowtext;\"><strong>Domagoj \u0160imi\u0107<\/strong>, Agricultural Institute Osijek, Croatia<\/span><\/li>\n<\/ul>\n<h2><\/h2>\n<\/div><div class=\"fusion-sep-clear\"><\/div><div class=\"fusion-separator fusion-full-width-sep\" style=\"margin-left: auto;margin-right: auto;margin-top:20px;width:100%;\"><\/div><div class=\"fusion-sep-clear\"><\/div><div class=\"fusion-clearfix\"><\/div><\/div><\/div><div class=\"fusion-layout-column fusion_builder_column fusion-builder-column-2 fusion_builder_column_1_1 1_1 fusion-one-full fusion-column-first fusion-column-last\" style=\"--awb-bg-size:cover;\"><div class=\"fusion-column-wrapper fusion-column-has-shadow fusion-flex-column-wrapper-legacy\"><div class=\"fusion-text fusion-text-2\"><h3><strong>Overview<\/strong><\/h3>\n<p>Application of modern information and communication technologies in the agricultural sector can significantly increase the efficiency of agricultural land use, which will result in increased quantity and quality of agricultural yields and in reduced negative impact of climate change. The aim of the workshop is to present the latest research and technologies in the field of smart agriculture that are applied globally, to describe the current situation at the local and national levels, to detect important problems and challenges in the field and to propose adequate solutions. Furthermore, the main results of the scientific research project \u201c<a href=\"https:\/\/iot-polje.fer.hr\/iot-polje\" target=\"_blank\" rel=\"noopener noreferrer\">IoT-field: An Ecosystem of Networked Devices and Services for IoT Solutions Applied in Agriculture<\/a>\u201d will be presented.<\/p>\n<\/div><div class=\"fusion-clearfix\"><\/div><\/div><\/div><div class=\"fusion-layout-column fusion_builder_column fusion-builder-column-3 fusion_builder_column_1_2 1_2 fusion-one-half fusion-column-first\" style=\"--awb-bg-size:cover;width:50%;width:calc(50% - ( ( 4% ) * 0.5 ) );margin-right: 4%;\"><div class=\"fusion-column-wrapper fusion-column-has-shadow fusion-flex-column-wrapper-legacy\"><div class=\"fusion-text fusion-text-3\"><h3><strong>Topics<\/strong><\/h3>\n<p>Authors are invited to submit manuscripts presenting original, unpublished research on the use of ICT solutions for sustainable agriculture. Topics of interest include, but are not limited to the following:<\/p>\n<ul>\n<li>Sensors for smart agriculture and agri-environmental monitoring<\/li>\n<li>LPWAN\u00a0technologies\u00a0and novel protocols for smart agriculture<\/li>\n<li>Wireless sensor networks and IoT platforms for smart agriculture<\/li>\n<li>Precision agriculture and data-driven solutions to increase crop yields<\/li>\n<li>Robotics and AI-based solutions for smart agriculture<\/li>\n<li>Smart farming for agroecology to reduce negative impacts of agriculture on the environment<\/li>\n<\/ul>\n<\/div><div class=\"fusion-clearfix\"><\/div><\/div><\/div><div class=\"fusion-layout-column fusion_builder_column fusion-builder-column-4 fusion_builder_column_1_2 1_2 fusion-one-half fusion-column-last\" style=\"--awb-bg-size:cover;width:50%;width:calc(50% - ( ( 4% ) * 0.5 ) );\"><div class=\"fusion-column-wrapper fusion-column-has-shadow fusion-flex-column-wrapper-legacy\"><div class=\"fusion-text fusion-text-4\"><h3><strong>Paper Submission and Publication<\/strong><\/h3>\n<p>Prospective authors are invited to submit novel, previously unpublished full papers, addressing the topics of interest, for consideration for the workshop. All submitted papers will go through the regular peer-review process. Submission of a paper implies that, if the paper is accepted, at least one of the authors must register and attend the conference to present the work according to the general rules of the conference. Accepted and presented papers will be published in the conference proceedings and submitted to IEEE Xplore.<\/p>\n<p>Guidelines for formatting, style, and submission of papers can be found on the\u00a0<a href=\"https:\/\/sst-conference.org\/\" target=\"_blank\" rel=\"noopener noreferrer\">SST2022<\/a><u> main page<\/u>.<\/p>\n<\/div><div class=\"fusion-clearfix\"><\/div><\/div><\/div><div class=\"fusion-layout-column fusion_builder_column fusion-builder-column-5 fusion_builder_column_1_2 1_2 fusion-one-half fusion-column-first\" style=\"--awb-bg-size:cover;--awb-margin-bottom:0px;width:48%; margin-right: 4%;\"><div class=\"fusion-column-wrapper fusion-flex-column-wrapper-legacy\"><div class=\"fusion-column-content-centered\"><div class=\"fusion-column-content\"><div class=\"fusion-text fusion-text-5\"><h4><strong>Important dates<\/strong><\/h4>\n<ul>\n<li>May 31, 2022: Full Papers due<\/li>\n<li>June 25, 2022: Notification of Acceptance\/Rejection<\/li>\n<li>July 15, 2022: Final, Camera Ready Papers, Due<\/li>\n<\/ul>\n<\/div><\/div><\/div><div class=\"fusion-clearfix\"><\/div><\/div><\/div><div class=\"fusion-layout-column fusion_builder_column fusion-builder-column-6 fusion_builder_column_1_2 1_2 fusion-one-half fusion-column-last\" style=\"--awb-bg-size:cover;--awb-margin-bottom:0px;width:48%;\"><div class=\"fusion-column-wrapper fusion-flex-column-wrapper-legacy\"><div class=\"fusion-column-content-centered\"><div class=\"fusion-column-content\"><div class=\"fusion-text fusion-text-6\"><h4><strong>Contact:<\/strong><\/h4>\n<p><a href=\"https:\/\/sst-conference.org\/\" target=\"_blank\" rel=\"noopener noreferrer\">https:\/\/sst-conference.org\/<\/a><\/p>\n<p><a href=\"mailto:sst-conference@ferit.hr\">sst-conference@ferit.hr<\/a><\/p>\n<\/div><\/div><\/div><div class=\"fusion-clearfix\"><\/div><\/div><\/div><div class=\"fusion-layout-column fusion_builder_column fusion-builder-column-7 fusion_builder_column_1_1 1_1 fusion-one-full fusion-column-first fusion-column-last\" style=\"--awb-bg-size:cover;\"><div class=\"fusion-column-wrapper fusion-column-has-shadow fusion-flex-column-wrapper-legacy\"><div class=\"fusion-sep-clear\"><\/div><div class=\"fusion-separator fusion-full-width-sep\" style=\"margin-left: auto;margin-right: auto;margin-top:20px;width:100%;\"><\/div><div class=\"fusion-sep-clear\"><\/div><div class=\"fusion-clearfix\"><\/div><\/div><\/div><div class=\"fusion-layout-column fusion_builder_column fusion-builder-column-8 fusion_builder_column_1_2 1_2 fusion-one-half fusion-column-first\" style=\"--awb-bg-size:cover;--awb-margin-bottom:0px;width:48%; margin-right: 4%;\"><div class=\"fusion-column-wrapper fusion-flex-column-wrapper-legacy\"><div class=\"fusion-column-content-centered\"><div class=\"fusion-column-content\"><div class=\"fusion-image-element fusion-image-align-center in-legacy-container\" style=\"text-align:center;--awb-caption-title-font-family:var(--h2_typography-font-family);--awb-caption-title-font-weight:var(--h2_typography-font-weight);--awb-caption-title-font-style:var(--h2_typography-font-style);--awb-caption-title-size:var(--h2_typography-font-size);--awb-caption-title-transform:var(--h2_typography-text-transform);--awb-caption-title-line-height:var(--h2_typography-line-height);--awb-caption-title-letter-spacing:var(--h2_typography-letter-spacing);\"><div class=\"imageframe-align-center\"><span class=\" fusion-imageframe imageframe-none imageframe-1 hover-type-none\"><img decoding=\"async\" width=\"300\" height=\"96\" title=\"iot\" src=\"https:\/\/sst-conference.org\/wp-content\/uploads\/2022\/05\/iot-300x96.png\" alt class=\"img-responsive wp-image-2203\" srcset=\"https:\/\/sst-conference.org\/wp-content\/uploads\/2022\/05\/iot-200x64.png 200w, https:\/\/sst-conference.org\/wp-content\/uploads\/2022\/05\/iot-400x128.png 400w, https:\/\/sst-conference.org\/wp-content\/uploads\/2022\/05\/iot-600x191.png 600w, https:\/\/sst-conference.org\/wp-content\/uploads\/2022\/05\/iot.png 602w\" sizes=\"(max-width: 800px) 100vw, 600px\" \/><\/span><\/div><\/div><div class=\"fusion-sep-clear\"><\/div><div class=\"fusion-separator fusion-full-width-sep\" style=\"margin-left: auto;margin-right: auto;margin-top:20px;width:100%;\"><\/div><div class=\"fusion-sep-clear\"><\/div><div class=\"fusion-image-element fusion-image-align-center in-legacy-container\" style=\"text-align:center;--awb-caption-title-font-family:var(--h2_typography-font-family);--awb-caption-title-font-weight:var(--h2_typography-font-weight);--awb-caption-title-font-style:var(--h2_typography-font-style);--awb-caption-title-size:var(--h2_typography-font-size);--awb-caption-title-transform:var(--h2_typography-text-transform);--awb-caption-title-line-height:var(--h2_typography-line-height);--awb-caption-title-letter-spacing:var(--h2_typography-letter-spacing);\"><div class=\"imageframe-align-center\"><span class=\" fusion-imageframe imageframe-none imageframe-2 hover-type-none\"><img decoding=\"async\" width=\"300\" height=\"150\" title=\"02\" src=\"https:\/\/sst-conference.org\/wp-content\/uploads\/2022\/05\/02-300x150.jpg\" alt class=\"img-responsive wp-image-2204\" srcset=\"https:\/\/sst-conference.org\/wp-content\/uploads\/2022\/05\/02-200x100.jpg 200w, https:\/\/sst-conference.org\/wp-content\/uploads\/2022\/05\/02-400x200.jpg 400w, https:\/\/sst-conference.org\/wp-content\/uploads\/2022\/05\/02.jpg 535w\" sizes=\"(max-width: 800px) 100vw, 300px\" \/><\/span><\/div><\/div><\/div><\/div><div class=\"fusion-clearfix\"><\/div><\/div><\/div><div class=\"fusion-layout-column fusion_builder_column fusion-builder-column-9 fusion_builder_column_1_2 1_2 fusion-one-half fusion-column-last\" style=\"--awb-bg-size:cover;--awb-margin-bottom:0px;width:48%;\"><div class=\"fusion-column-wrapper fusion-flex-column-wrapper-legacy\"><div class=\"fusion-column-content-centered\"><div class=\"fusion-column-content\"><div class=\"fusion-text fusion-text-7\"><p>The workshop is organized by the research project <a href=\"https:\/\/iot-polje.fer.hr\/iot-polje\/en\" target=\"_blank\" rel=\"noopener noreferrer\">\u201cIoT-field: An Ecosystem of Networked Devices and Services for IoT Solutions Applied in Agriculture\u201d <\/a>with support from European Regional Development Fund (ERDF) and the three participating research institutions from Croatia: FER Zagreb, FERIT Osijek and Agricultural Institute Osijek.<\/p>\n<\/div><\/div><\/div><div class=\"fusion-clearfix\"><\/div><\/div><\/div><div class=\"fusion-layout-column fusion_builder_column fusion-builder-column-10 fusion_builder_column_1_1 1_1 fusion-one-full fusion-column-first fusion-column-last\" style=\"--awb-bg-size:cover;\"><div class=\"fusion-column-wrapper fusion-column-has-shadow fusion-flex-column-wrapper-legacy\"><div class=\"fusion-sep-clear\"><\/div><div class=\"fusion-separator fusion-full-width-sep\" style=\"margin-left: auto;margin-right: auto;margin-top:20px;width:100%;\"><\/div><div class=\"fusion-sep-clear\"><\/div><div class=\"fusion-clearfix\"><\/div><\/div><\/div><div class=\"fusion-layout-column fusion_builder_column fusion-builder-column-11 fusion_builder_column_1_1 1_1 fusion-one-full fusion-column-first fusion-column-last\" style=\"--awb-bg-size:cover;--awb-margin-bottom:0px;\"><div class=\"fusion-column-wrapper fusion-flex-column-wrapper-legacy\"><div class=\"fusion-column-content-centered\"><div class=\"fusion-column-content\"><div class=\"fusion-text fusion-text-8\"><p><strong>Date and time:\u00a0<\/strong><strong>Thursday, 20 October 2022, 9:30<br \/>\n<\/strong><\/p>\n<p><strong>Venue: <\/strong>Hotel Osijek, \u0160ama\u010dka 4, 31000 Osijek, Croatia<\/p>\n<\/div><\/div><\/div><div class=\"fusion-clearfix\"><\/div><\/div><\/div><div class=\"fusion-layout-column fusion_builder_column fusion-builder-column-12 fusion_builder_column_1_2 1_2 fusion-one-half fusion-column-first\" style=\"--awb-bg-size:cover;width:50%;width:calc(50% - ( ( 4% ) * 0.5 ) );margin-right: 4%;\"><div class=\"fusion-column-wrapper fusion-column-has-shadow fusion-flex-column-wrapper-legacy\"><div class=\"fusion-text fusion-text-9\"><p><span style=\"color: #3366ff;\"><strong><span style=\"color: #ff9900;\"><a style=\"color: #ff9900;\" href=\"https:\/\/sst-conference.org\/index.php\/workshop-smart_agriculture\/\" target=\"_blank\" rel=\"noopener noreferrer\">Workshop &#8211; Smart technologies for sustainable agriculture (Part 1)<\/a><\/span><br \/>(Room A &#8211; Lipa)<\/strong><\/span><\/p>\n<p><span style=\"color: #3366ff;\"><strong>9:30 &#8211; 11:00<\/strong><\/span><\/p>\n<p><strong>Josip Spi\u0161i\u0107, Ana Pejkovi\u0107, Matko Zrni\u0107, Vi\u0161nja Kri\u017eanovi\u0107, Kre\u0161imir Grgi\u0107 and Drago \u017dagar<\/strong><br \/><em>LoRaWAN parameters optimization for efficient communication<\/em><\/p>\n<p><strong>Krunoslav Tr\u017eec, Mario Ku\u0161ek and Ivana Podnar \u017darko<\/strong><br \/><em>Building an Interoperable IoT Ecosystem for Data-Driven Agriculture<\/em><\/p>\n<p><strong>Dario Stuhne, Ivo Vatavuk, Ivan Hrabar, Goran Vasiljevi\u0107 and Zdenko Kova\u010di\u0107<\/strong><br \/><em>Automated Suckering of Vines with a Mobile Robot and a Torque-controlled Suckering Tool<\/em><\/p>\n<p><strong>Kre\u0161imir Grgi\u0107, Luka Bali\u0107, Vi\u0161nja Kri\u017eanovi\u0107 and Drago \u017dagar<\/strong><br \/><em>An example of indoor positioning possibility using WiFi network and mobile phone<\/em><\/p>\n<p><strong>Dora Krekovic and Ivana Podnar \u017darko<\/strong><br \/><em>Prediction of Microclimate Parameters for Application in Precision Agriculture<\/em><\/p>\n<p>\u00a0<\/p>\n<\/div><div class=\"fusion-clearfix\"><\/div><\/div><\/div><div class=\"fusion-layout-column fusion_builder_column fusion-builder-column-13 fusion_builder_column_1_2 1_2 fusion-one-half fusion-column-last\" style=\"--awb-bg-size:cover;width:50%;width:calc(50% - ( ( 4% ) * 0.5 ) );\"><div class=\"fusion-column-wrapper fusion-column-has-shadow fusion-flex-column-wrapper-legacy\"><div class=\"fusion-text fusion-text-10\"><p><span style=\"color: #3366ff;\"><strong><span style=\"color: #ff9900;\"><a style=\"color: #ff9900;\" href=\"https:\/\/sst-conference.org\/index.php\/workshop-smart_agriculture\/\" target=\"_blank\" rel=\"noopener noreferrer\">Workshop &#8211; Smart technologies for sustainable agriculture (Part 2)<\/a><\/span><br \/>\n(Room A &#8211; Lipa)<\/strong><\/span><\/p>\n<p><span style=\"color: #3366ff;\"><strong>11:30 \u2013 13:00<\/strong><\/span><\/p>\n<p><strong>Domagoj \u0160imi\u0107, Vlatko Gali\u0107, Josip Spi\u0161i\u0107, Maja Mazur, Tatjana Leden\u010dan and Zvonimir Zduni\u0107<\/strong><br \/>\n<em>Field-Based High-Throughput Phenotyping Using Newly Developed Proximal Sensor Device<\/em><\/p>\n<p><strong>Monika Zovko<\/strong><br \/>\n<em>Sensory Monitoring and Modeling of Temporal and Spatial Phenomena in Agroecosystems<\/em><br \/>\n<strong>Invited talk<\/strong><\/p>\n<p><strong>Andrijana Rebeki\u0107<\/strong><br \/>\n<em>Digitalization in Agriculture &#8211; What Competencies Agronomist Needs<\/em><br \/>\n<strong>Invited talk<\/strong><\/p>\n<p><strong>Vlatko Gali\u0107<\/strong><br \/>\n<em>Digitizing the In-Field Agro-Ecological Reality &#8211; Goals, Achievements, Pitfalls<\/em><br \/>\n<strong>Invited talk<\/strong><\/p>\n<p><strong><em>Discussion \/ Round table<\/em><\/strong><\/p>\n<\/div><div class=\"fusion-clearfix\"><\/div><\/div><\/div><\/div><\/div>\n","protected":false},"excerpt":{"rendered":"","protected":false},"author":1,"featured_media":0,"parent":0,"menu_order":0,"comment_status":"closed","ping_status":"closed","template":"","meta":{"footnotes":""},"_links":{"self":[{"href":"https:\/\/sst-conference.org\/index.php\/wp-json\/wp\/v2\/pages\/2198"}],"collection":[{"href":"https:\/\/sst-conference.org\/index.php\/wp-json\/wp\/v2\/pages"}],"about":[{"href":"https:\/\/sst-conference.org\/index.php\/wp-json\/wp\/v2\/types\/page"}],"author":[{"embeddable":true,"href":"https:\/\/sst-conference.org\/index.php\/wp-json\/wp\/v2\/users\/1"}],"replies":[{"embeddable":true,"href":"https:\/\/sst-conference.org\/index.php\/wp-json\/wp\/v2\/comments?post=2198"}],"version-history":[{"count":19,"href":"https:\/\/sst-conference.org\/index.php\/wp-json\/wp\/v2\/pages\/2198\/revisions"}],"predecessor-version":[{"id":2652,"href":"https:\/\/sst-conference.org\/index.php\/wp-json\/wp\/v2\/pages\/2198\/revisions\/2652"}],"wp:attachment":[{"href":"https:\/\/sst-conference.org\/index.php\/wp-json\/wp\/v2\/media?parent=2198"}],"curies":[{"name":"wp","href":"https:\/\/api.w.org\/{rel}","templated":true}]}}