{"id":28,"date":"2015-12-28T10:35:26","date_gmt":"2015-12-28T10:35:26","guid":{"rendered":"http:\/\/sst-conference.org\/?page_id=28"},"modified":"2026-03-09T11:57:37","modified_gmt":"2026-03-09T11:57:37","slug":"steering-committee","status":"publish","type":"page","link":"https:\/\/sst-conference.org\/index.php\/steering-committee\/","title":{"rendered":"STEERING COMMITTEE"},"content":{"rendered":"<div class=\"fusion-fullwidth fullwidth-box fusion-builder-row-1 hundred-percent-fullwidth non-hundred-percent-height-scrolling\" style=\"--awb-border-radius-top-left:0px;--awb-border-radius-top-right:0px;--awb-border-radius-bottom-right:0px;--awb-border-radius-bottom-left:0px;--awb-overflow:visible;--awb-flex-wrap:wrap;\" ><div class=\"fusion-builder-row fusion-row\"><div class=\"fusion-layout-column fusion_builder_column fusion-builder-column-0 fusion_builder_column_1_1 1_1 fusion-one-full fusion-column-first fusion-column-last fusion-column-no-min-height\" style=\"--awb-bg-blend:overlay;--awb-bg-size:cover;--awb-margin-bottom:0px;\"><div class=\"fusion-column-wrapper fusion-flex-column-wrapper-legacy\"><div class=\"fusion-title title fusion-title-1 fusion-title-text fusion-title-size-one\" style=\"--awb-sep-color:#1e73be;\"><h1 class=\"fusion-title-heading title-heading-left\" style=\"margin:0;\">STEERING COMMITTEE<\/h1><span class=\"awb-title-spacer\"><\/span><div class=\"title-sep-container\"><div class=\"title-sep sep-single sep-solid\" style=\"border-color:#1e73be;\"><\/div><\/div><\/div><div class=\"fusion-sep-clear\"><\/div><div class=\"fusion-separator fusion-full-width-sep\" style=\"margin-left: auto;margin-right: auto;margin-top:20px;width:100%;\"><\/div><div class=\"fusion-sep-clear\"><\/div><div class=\"fusion-clearfix\"><\/div><\/div><\/div><div class=\"fusion-layout-column fusion_builder_column fusion-builder-column-1 fusion_builder_column_1_3 1_3 fusion-one-third fusion-column-first\" style=\"--awb-bg-blend:overlay;--awb-bg-size:cover;width:30.6666%; margin-right: 4%;\"><div class=\"fusion-column-wrapper fusion-flex-column-wrapper-legacy\"><div class=\"fusion-text fusion-text-1\"><p><strong>Guillem Aleny\u00e0<br \/>\n<\/strong>Institut de Rob\u00f2tica i Inform\u00e0tica Industrial, Spain<\/p>\n<p><strong>Ertu\u011frul Ba\u015far<br \/>\n<\/strong>Ko\u00e7 University, Turkey<\/p>\n<p><strong>Nina Begi\u010devi\u0107-Re\u0111ep<br \/>\n<\/strong>University of Zagreb, Croatia<\/p>\n<p><strong>Frederik De Belie<br \/>\n<\/strong>Ghent University, Belgium<\/p>\n<p><strong>Vedran Bilas<br \/>\n<\/strong>University of Zagreb, Croatia<\/p>\n<p><b>Julius Georgiou<\/b><br \/>\nUniversity of Cyprus, Cyprus<\/p>\n<p><strong>Marko Horvat<\/strong><br \/>\nUniversity of Zagreb, Croatia<\/p>\n<p><strong>Francisco Gonzalez-Longatt<\/strong><br \/>\nFaculty of Technology,<br \/>\nUniversity of South-Eastern Norway, Norway<\/p>\n<\/div><div class=\"fusion-clearfix\"><\/div><\/div><\/div><div class=\"fusion-layout-column fusion_builder_column fusion-builder-column-2 fusion_builder_column_1_3 1_3 fusion-one-third\" style=\"--awb-bg-blend:overlay;--awb-bg-size:cover;width:30.6666%; margin-right: 4%;\"><div class=\"fusion-column-wrapper fusion-flex-column-wrapper-legacy\"><div class=\"fusion-text fusion-text-2\"><p><strong>Mislav Grgi\u0107<\/strong><br \/>\nUniversity of Zagreb, Croatia<\/p>\n<p><strong>Andrej Gubina<\/strong><br \/>\nUniversity of Ljubljana, Slovenia<\/p>\n<p><b>\u017deljko Hocenski<\/b><br \/>\nJ.J. Strossmayer University of Osijek, Croatia<\/p>\n<p><b>Georges Kaddoum<\/b><br \/>\nUniversity of Quebec, Canada<\/p>\n<p><b>Marina Kla\u010dmer \u010calopa<\/b><br \/>\nUniversity of Zagreb, Croatia<\/p>\n<p><strong>Ignac Lovrek<br \/>\n<\/strong>University of Zagreb, Croatia<\/p>\n<p><strong>Francisco Mart\u00ednez \u00c1lvarez<\/strong><br \/>\nUniversidad Pablo de Olavide, Spain<\/p>\n<p><strong>Ngoc Thanh Nguyen<\/strong><br \/>\nWroclaw University of Technology, Poland<\/p>\n<p><strong>Srete Nikolovski<\/strong><br \/>\nJ.J. Strossmayer University of Osijek, Croatia<\/p>\n<\/div><div class=\"fusion-clearfix\"><\/div><\/div><\/div><div class=\"fusion-layout-column fusion_builder_column fusion-builder-column-3 fusion_builder_column_1_3 1_3 fusion-one-third fusion-column-last\" style=\"--awb-bg-blend:overlay;--awb-bg-size:cover;width:30.6666%;\"><div class=\"fusion-column-wrapper fusion-flex-column-wrapper-legacy\"><div class=\"fusion-text fusion-text-3\"><p><strong>Hrvoje Pand\u017ei\u0107<\/strong><br \/>\nUniversity of Zagreb, Croatia<\/p>\n<p><strong>Nedjeljko Peri\u0107<\/strong><br \/>\nUniversity of Zagreb, Croatia<\/p>\n<p><strong>Ivan Petrovi\u0107<\/strong><br \/>\nUniversity of Zagreb, Croatia<\/p>\n<p><strong>Sasikumar Punnekkat<\/strong><br \/>\nM\u00e4lardalen University, Sweden<\/p>\n<p><strong>Ivan Samard\u017ei\u0107<\/strong><br \/>\nUniversity of Slavonski Brod, Croatia<\/p>\n<p><b>Goran Slipac<\/b><br \/>\nHRO-CIGRE, Croatia<\/p>\n<p><strong>Andrea M. Tonello<\/strong><br \/>\nAlpen-Adria-Universit\u00e4t Klagenfurt, Austria<\/p>\n<p><strong>Goran \u0160imunovi\u0107<\/strong><br \/>\nUniversity of Slavonski Brod, Croatia<\/p>\n<p><strong>Drago \u017dagar<\/strong><br \/>\nJ.J. Strossmayer University of Osijek, Croatia<\/p>\n<\/div><div class=\"fusion-clearfix\"><\/div><\/div><\/div><\/div><\/div>\n","protected":false},"excerpt":{"rendered":"","protected":false},"author":1,"featured_media":0,"parent":0,"menu_order":0,"comment_status":"closed","ping_status":"closed","template":"","meta":{"footnotes":""},"_links":{"self":[{"href":"https:\/\/sst-conference.org\/index.php\/wp-json\/wp\/v2\/pages\/28"}],"collection":[{"href":"https:\/\/sst-conference.org\/index.php\/wp-json\/wp\/v2\/pages"}],"about":[{"href":"https:\/\/sst-conference.org\/index.php\/wp-json\/wp\/v2\/types\/page"}],"author":[{"embeddable":true,"href":"https:\/\/sst-conference.org\/index.php\/wp-json\/wp\/v2\/users\/1"}],"replies":[{"embeddable":true,"href":"https:\/\/sst-conference.org\/index.php\/wp-json\/wp\/v2\/comments?post=28"}],"version-history":[{"count":58,"href":"https:\/\/sst-conference.org\/index.php\/wp-json\/wp\/v2\/pages\/28\/revisions"}],"predecessor-version":[{"id":1655,"href":"https:\/\/sst-conference.org\/index.php\/wp-json\/wp\/v2\/pages\/28\/revisions\/1655"}],"wp:attachment":[{"href":"https:\/\/sst-conference.org\/index.php\/wp-json\/wp\/v2\/media?parent=28"}],"curies":[{"name":"wp","href":"https:\/\/api.w.org\/{rel}","templated":true}]}}