{"id":553,"date":"2016-08-10T07:54:55","date_gmt":"2016-08-10T07:54:55","guid":{"rendered":"http:\/\/sst-conference.org\/?page_id=553"},"modified":"2017-01-18T07:13:59","modified_gmt":"2017-01-18T07:13:59","slug":"izjava-o-konverziji-conversion-statement","status":"publish","type":"page","link":"https:\/\/sst-conference.org\/index.php\/izjava-o-konverziji-conversion-statement\/","title":{"rendered":"Izjava o konverziji &#8211; Conversion statement"},"content":{"rendered":"<div class=\"fusion-fullwidth fullwidth-box fusion-builder-row-1 hundred-percent-fullwidth non-hundred-percent-height-scrolling\" style=\"--awb-border-radius-top-left:0px;--awb-border-radius-top-right:0px;--awb-border-radius-bottom-right:0px;--awb-border-radius-bottom-left:0px;--awb-overflow:visible;--awb-flex-wrap:wrap;\" ><div class=\"fusion-builder-row fusion-row\"><div class=\"fusion-layout-column fusion_builder_column fusion-builder-column-0 fusion_builder_column_1_1 1_1 fusion-one-full fusion-column-first fusion-column-last\" style=\"--awb-bg-size:cover;\"><div class=\"fusion-column-wrapper fusion-flex-column-wrapper-legacy\"><div class=\"fusion-title title fusion-title-1 fusion-title-text fusion-title-size-one\" style=\"--awb-sep-color:#1e73be;\"><h1 class=\"fusion-title-heading title-heading-left\" style=\"margin:0;\">Izjava o konverziji &#8211; Conversion statement<\/h1><span class=\"awb-title-spacer\"><\/span><div class=\"title-sep-container\"><div class=\"title-sep sep-single sep-solid\" style=\"border-color:#1e73be;\"><\/div><\/div><\/div><div class=\"fusion-clearfix\"><\/div><\/div><\/div><div class=\"fusion-layout-column fusion_builder_column fusion-builder-column-1 fusion_builder_column_1_2 1_2 fusion-one-half fusion-column-first\" style=\"--awb-bg-size:cover;width:48%; margin-right: 4%;\"><div class=\"fusion-column-wrapper fusion-flex-column-wrapper-legacy\"><div class=\"fusion-text fusion-text-1\"><p>Sva pla\u0107anja biti \u0107e izvr\u0161ena u kunama.<\/p>\n<p>Iznos za koji teretimo va\u0161u karticu dobiva se konverzijom cijene u eurima u hrvatske kune prema srednjem te\u010daju Hrvatske narodne banke na dan izdavanja ponude.<\/p>\n<p>Kod tere\u0107enja va\u0161e kartice, iznos u hrvatskim kunama prera\u010dunava se u valutu va\u0161e kartice prema te\u010daju karti\u010dnih shema MasterCard ili Visa odnosno te\u010daju va\u0161e banke. Zbog navedenih konverzija postoji mogu\u0107nost male razlike u odnosu na originalnu cijenu navedenu na na\u0161im web stranicama.<\/p>\n<\/div><div class=\"fusion-clearfix\"><\/div><\/div><\/div><div class=\"fusion-layout-column fusion_builder_column fusion-builder-column-2 fusion_builder_column_1_2 1_2 fusion-one-half fusion-column-last\" style=\"--awb-bg-size:cover;width:48%;\"><div class=\"fusion-column-wrapper fusion-flex-column-wrapper-legacy\"><div class=\"fusion-text fusion-text-2\"><p>All payments will be completed in Croatian currency.<\/p>\n<p>The amount for charging your card is obtained through the conversion of the price in Euro into Croatian kuna according to the middle exchange rate of the Croatian National Bank on the day of offer issuance.<\/p>\n<p>When charging your card, the amount in Croatian kuna is converted into your card currency according to the exchange rate of credit card schemes MasterCard or Visa or exchange rate of your Bank. As a result of stated conversions there is a possibility of a slight difference from the original price provided on our web site.<\/p>\n<\/div><div class=\"fusion-clearfix\"><\/div><\/div><\/div><\/div><\/div>\n","protected":false},"excerpt":{"rendered":"","protected":false},"author":1,"featured_media":0,"parent":0,"menu_order":0,"comment_status":"closed","ping_status":"closed","template":"","meta":{"footnotes":""},"_links":{"self":[{"href":"https:\/\/sst-conference.org\/index.php\/wp-json\/wp\/v2\/pages\/553"}],"collection":[{"href":"https:\/\/sst-conference.org\/index.php\/wp-json\/wp\/v2\/pages"}],"about":[{"href":"https:\/\/sst-conference.org\/index.php\/wp-json\/wp\/v2\/types\/page"}],"author":[{"embeddable":true,"href":"https:\/\/sst-conference.org\/index.php\/wp-json\/wp\/v2\/users\/1"}],"replies":[{"embeddable":true,"href":"https:\/\/sst-conference.org\/index.php\/wp-json\/wp\/v2\/comments?post=553"}],"version-history":[{"count":2,"href":"https:\/\/sst-conference.org\/index.php\/wp-json\/wp\/v2\/pages\/553\/revisions"}],"predecessor-version":[{"id":710,"href":"https:\/\/sst-conference.org\/index.php\/wp-json\/wp\/v2\/pages\/553\/revisions\/710"}],"wp:attachment":[{"href":"https:\/\/sst-conference.org\/index.php\/wp-json\/wp\/v2\/media?parent=553"}],"curies":[{"name":"wp","href":"https:\/\/api.w.org\/{rel}","templated":true}]}}