{"id":867,"date":"2017-05-22T07:24:53","date_gmt":"2017-05-22T07:24:53","guid":{"rendered":"http:\/\/sst-conference.org\/?page_id=867"},"modified":"2017-07-05T06:07:28","modified_gmt":"2017-07-05T06:07:28","slug":"cembef-2017","status":"publish","type":"page","link":"https:\/\/sst-conference.org\/index.php\/cembef-2017\/","title":{"rendered":"CEMBEF 2017"},"content":{"rendered":"<p><div class=\"fusion-fullwidth fullwidth-box fusion-builder-row-1 hundred-percent-fullwidth non-hundred-percent-height-scrolling\" style=\"--awb-border-radius-top-left:0px;--awb-border-radius-top-right:0px;--awb-border-radius-bottom-right:0px;--awb-border-radius-bottom-left:0px;--awb-overflow:visible;--awb-flex-wrap:wrap;\" ><div class=\"fusion-builder-row fusion-row\"><div class=\"fusion-layout-column fusion_builder_column fusion-builder-column-0 fusion_builder_column_1_1 1_1 fusion-one-full fusion-column-first fusion-column-last fusion-column-no-min-height\" style=\"--awb-bg-size:cover;--awb-margin-bottom:0px;\"><div class=\"fusion-column-wrapper fusion-flex-column-wrapper-legacy\"><div class=\"fusion-title title fusion-title-1 fusion-title-text fusion-title-size-one\" style=\"--awb-sep-color:#1e73be;\"><h1 class=\"fusion-title-heading title-heading-left\" style=\"margin:0;\">CEMBEF 2017<\/h1><span class=\"awb-title-spacer\"><\/span><div class=\"title-sep-container\"><div class=\"title-sep sep-single sep-solid\" style=\"border-color:#1e73be;\"><\/div><\/div><\/div><div class=\"fusion-sep-clear\"><\/div><div class=\"fusion-separator fusion-full-width-sep\" style=\"margin-left: auto;margin-right: auto;width:100%;\"><\/div><div class=\"fusion-sep-clear\"><\/div><div class=\"fusion-text fusion-text-1\"><h2 style=\"text-align: left;\">International PhD Seminar on Computational Electromagnetics and Bioeffects of Electromagnetic Fields<\/h2>\n<\/div><div class=\"fusion-sep-clear\"><\/div><div class=\"fusion-separator fusion-full-width-sep\" style=\"margin-left: auto;margin-right: auto;width:100%;\"><\/div><div class=\"fusion-sep-clear\"><\/div><div class=\"fusion-clearfix\"><\/div><\/div><\/div><\/div><\/div><div class=\"fusion-fullwidth fullwidth-box fusion-builder-row-2 nonhundred-percent-fullwidth non-hundred-percent-height-scrolling\" style=\"--awb-border-radius-top-left:0px;--awb-border-radius-top-right:0px;--awb-border-radius-bottom-right:0px;--awb-border-radius-bottom-left:0px;--awb-padding-top:20px;--awb-padding-bottom:20px;--awb-flex-wrap:wrap;\" ><div class=\"fusion-builder-row fusion-row\"><div class=\"fusion-layout-column fusion_builder_column fusion-builder-column-1 fusion_builder_column_1_2 1_2 fusion-one-half fusion-column-first\" style=\"--awb-bg-size:cover;width:50%;width:calc(50% - ( ( 4% ) * 0.5 ) );margin-right: 4%;\"><div class=\"fusion-column-wrapper fusion-flex-column-wrapper-legacy\"><div class=\"fusion-text fusion-text-2\"><h3 style=\"text-align: center;\">October 18, 2017<\/h3>\n<h3 style=\"text-align: center;\">Faculty of Electrical Engineering, Computer Science and Information Technology<\/h3>\n<h3 style=\"text-align: center;\">Josip Juraj Strossmayer University of Osijek<\/h3>\n<h3 style=\"text-align: center;\">Osijek, Croatia<\/h3>\n<\/div><div class=\"fusion-clearfix\"><\/div><\/div><\/div><div class=\"fusion-layout-column fusion_builder_column fusion-builder-column-2 fusion_builder_column_1_2 1_2 fusion-one-half fusion-column-last\" style=\"--awb-bg-size:cover;width:50%;width:calc(50% - ( ( 4% ) * 0.5 ) );\"><div class=\"fusion-column-wrapper fusion-flex-column-wrapper-legacy\"><div class=\"fusion-text fusion-text-3\"><h3 style=\"text-align: center;\"><strong>Workshop at the <\/strong><\/h3>\n<h3 style=\"text-align: center;\"><strong>International Conference on Smart Systems and Technologies 2017<br \/>\n(SST 2017)<\/strong><\/h3>\n<h3 style=\"text-align: center;\">October 18-20, 2017<\/h3>\n<h3 style=\"text-align: center;\">Osijek, Croatia<\/h3>\n<\/div><div class=\"fusion-clearfix\"><\/div><\/div><\/div><\/div><\/div><div class=\"fusion-fullwidth fullwidth-box fusion-builder-row-3 nonhundred-percent-fullwidth non-hundred-percent-height-scrolling\" style=\"--awb-border-radius-top-left:0px;--awb-border-radius-top-right:0px;--awb-border-radius-bottom-right:0px;--awb-border-radius-bottom-left:0px;--awb-padding-top:20px;--awb-padding-bottom:20px;--awb-flex-wrap:wrap;\" ><div class=\"fusion-builder-row fusion-row\"><div class=\"fusion-layout-column fusion_builder_column fusion-builder-column-3 fusion_builder_column_1_1 1_1 fusion-one-full fusion-column-first fusion-column-last\" style=\"--awb-bg-size:cover;\"><div class=\"fusion-column-wrapper fusion-flex-column-wrapper-legacy\"><div class=\"fusion-text fusion-text-4\"><h3 style=\"text-align: center;\"><span style=\"color: #ff0000;\"><strong>PhD seminar Deadline Extension<\/strong><\/span><\/h3>\n<h3 style=\"text-align: center;\">We are glad to announce that the period to submit papers to the PhD seminar CEMBEF 2017 has been extended to <span style=\"color: #ff0000;\">July 30 2017<\/span><\/h3>\n<\/div><div class=\"fusion-aligncenter\"><a class=\"fusion-button button-flat button-medium button-blue fusion-button-blue button-1 fusion-button-default-span fusion-button-default-type\" target=\"_blank\" rel=\"noopener noreferrer\" href=\"https:\/\/www.ferit.unios.hr\/CEMBEF-registration\"><span class=\"fusion-button-text\">REGISTRATION<\/span><\/a><\/div><div class=\"fusion-clearfix\"><\/div><\/div><\/div><\/div><\/div><div class=\"fusion-fullwidth fullwidth-box fusion-builder-row-4 nonhundred-percent-fullwidth non-hundred-percent-height-scrolling\" style=\"--awb-border-radius-top-left:0px;--awb-border-radius-top-right:0px;--awb-border-radius-bottom-right:0px;--awb-border-radius-bottom-left:0px;--awb-padding-top:20px;--awb-padding-bottom:20px;--awb-flex-wrap:wrap;\" ><div class=\"fusion-builder-row fusion-row\"><div class=\"fusion-layout-column fusion_builder_column fusion-builder-column-4 fusion_builder_column_1_3 1_3 fusion-one-third fusion-column-first\" style=\"--awb-bg-size:cover;width:33.333333333333%;width:calc(33.333333333333% - ( ( 4% ) * 0.33333333333333 ) );margin-right: 4%;\"><div class=\"fusion-column-wrapper fusion-flex-column-wrapper-legacy\"><div class=\"fusion-text fusion-text-5\"><h2><strong>VENUE<\/strong><\/h2>\n<p>Faculty of Electrical Engineering, Computer Science and Information Technology Osijek<br \/>\nJ.J. Strossmayer University of Osijek<br \/>\nKneza Trpimira 2b, 31000 Osijek, Croatia<\/p>\n<\/div><div class=\"fusion-text fusion-text-6\"><h2><strong>OVERVIEW<\/strong><\/h2>\n<p>Submit paper on topics:<\/p>\n<ul>\n<li>Applied Electromagnetics in Smart Systems;<\/li>\n<li>Calculation of Electromagnetic Fields;<\/li>\n<li>Inverse Electromagnetic Field Problems;<\/li>\n<li>Tech Optimization;<\/li>\n<li>Measures Electromagnetic Field Techniques;<\/li>\n<li>CAD Systems;<\/li>\n<li>Electromagnetic Compatibility Problems;<\/li>\n<li>Problems of Coupled Fields: Electromagnetic, Thermal, Mechanical;<\/li>\n<li>Nonlinear Electromagnetic Systems;<\/li>\n<li>Biofactors of Electromagnetic Fields;<\/li>\n<li>Electromagnetic Waves and Systems.<\/li>\n<\/ul>\n<p>Present to researchers from academia and industry Interact and network with audience<\/p>\n<\/div><div class=\"fusion-text fusion-text-7\"><h2><strong>PUBLICATION<\/strong><\/h2>\n<p>Proceedings of full papers<\/p>\n<\/div><div class=\"fusion-text fusion-text-8\"><h2><strong>WEBSITE<\/strong><\/h2>\n<p><a href=\"http:\/\/sst-conference.org\/index.php\/cembef-2017\/\">http:\/\/sst-conference.org\/index.php\/cembef-2017\/<\/a><\/p>\n<\/div><div class=\"fusion-text fusion-text-9\"><h2><strong>IMPORTANT DATES<\/strong><\/h2>\n<p><span style=\"color: #ff0000;\"><strong>July 30, 2017\u00a0<\/strong><span style=\"color: #000000;\">(extended deadline)<\/span><\/span>: Full papers submission<\/p>\n<p><strong>July 30, 2017<\/strong>: Notification of Acceptance<\/p>\n<p><strong>August 30, 2017<\/strong>: Final paper submission<\/p>\n<p><strong>September 15, 2017<\/strong>:\u00a0 PhD seminar registration<\/p>\n<\/div><div class=\"fusion-text fusion-text-10\"><h2><strong>GENERAL CHAIR<\/strong><\/h2>\n<p><strong>Hartmut Brauer<\/strong>, Ilmenau, Germany<br \/>\n<strong>\u017deljko Hederi\u0107<\/strong>, Osijek, Croatia<\/p>\n<\/div><div class=\"fusion-text fusion-text-11\"><h2><strong>STEERING COMMITTEE<\/strong><\/h2>\n<p><strong>Ivan Yatchev<\/strong>, Sofia, Bulgaria<br \/>\n<strong>Slavoljub Aleksi\u0107<\/strong>, Ni\u0161, Serbia<br \/>\n<strong>Hartmut Brauer<\/strong>, Ilmenau, Germany<br \/>\n<strong>Dragan Poljak<\/strong>, Split, Croatia<br \/>\n<strong>Neboj\u0161a Rai\u010dkovi\u0107<\/strong>, Ni\u0161, Serbia<br \/>\n<strong>Miralem Had\u017eiselimovi\u0107<\/strong>, Maribor, Slovenia<br \/>\n<strong>Sead Berberovi\u0107<\/strong>, Zagreb, Croatia<br \/>\n<strong>Istv\u00e1n Vajda<\/strong>, Budapest, Hungary<br \/>\n<strong>Neda Pekari\u0107-Na\u0111<\/strong>, Novi Sad, Serbia<br \/>\n<strong>Slavko Rup\u010di\u0107<\/strong>, Osijek, Croatia<br \/>\n<strong>Marinko Baruk\u010di\u0107<\/strong>, Osijek, Croatia<br \/>\n<strong>Nenad Cvetkovi\u0107<\/strong>, Ni\u0161, Serbia<br \/>\n<strong>Tomislav Bari\u0107<\/strong>, Osijek, Croatia<\/p>\n<\/div><div class=\"fusion-clearfix\"><\/div><\/div><\/div><div class=\"fusion-layout-column fusion_builder_column fusion-builder-column-5 fusion_builder_column_2_3 2_3 fusion-two-third fusion-column-last\" style=\"--awb-bg-size:cover;width:66.666666666667%;width:calc(66.666666666667% - ( ( 4% ) * 0.66666666666667 ) );\"><div class=\"fusion-column-wrapper fusion-flex-column-wrapper-legacy\"><div class=\"fusion-text fusion-text-12\"><h2><strong>PhD seminar<\/strong><\/h2>\n<p>The <strong>PhD seminar <\/strong>will take place<strong> at the Faculty of Electrical Engineering, Computer Science and Information Technology Osijek, Kneza Trpimira 2b, 31000 Osijek, Croatia<\/strong><\/p>\n<p>The PhD seminar provides <strong>doctoral students<\/strong> with an opportunity to <strong>present their<\/strong> <strong>work <\/strong>in the areas of Computational Electromagnetics and Bioeffects of Electromagnetic Fields, and related to the SST 2017 conference topics to a wider community of researchers from academia and industry. The seminar aims to encourage <strong>interaction and networking<\/strong> among doctoral students, as well as with the audience.<\/p>\n<p>The PhD seminar will be organized as an oral session. Each student will be given a strictly-timed 10-minutes slot to present her\/his research. The purpose is to provide a brief outline of one&#8217;s doctoral research work with the goal to raise awareness and generate further discussion over the presentation and coffee break that follows.<\/p>\n<p>Doctoral students are invited to submit a full paper for review and possible inclusion in the PhD seminar program. The papers should be formatted according to the PhD seminar template available at\u00a0<a href=\"http:\/\/sst-conference.org\/index.php\/cembef-2017\/\">http:\/\/sst-conference.org\/index.php\/cembef-2017\/<\/a> and submitted electronically before the submission deadline via the on-line submission system. Submitted papers will undergo a peer review process coordinated by the PhD Seminar Program &amp; Organizing Committee. All submissions must be in English. Authors of accepted papers are required to register for the conference and present at the PhD seminar in order to have the paper included in the proceedings of full papers.<\/p>\n<p><strong>For authors of accepted papers, the PhD seminar registration fee is 50 EUR<\/strong> and it includes: 1) PhD seminar participation; 2) Proceedings of full papers (printed version); 3) access to other SST2017 conference sessions; 4) coffee breaks; 5) conference luncheons; 6) City Tour (starts from the hotel Osijek); 7) welcome reception and 8) conference gala dinner (with additional fee of 20 EUR).<\/p>\n<p>For authors (PhD students only) of accepted papers on SST 2017 conference and with another one to the PhD seminar, the <strong>registration fee is 130 EUR <\/strong>for both.<\/p>\n<\/div><div class=\"fusion-builder-row fusion-builder-row-inner fusion-row\"><div class=\"fusion-layout-column fusion_builder_column_inner fusion-builder-nested-column-0 fusion_builder_column_inner_1_2 1_2 fusion-one-half fusion-column-first\" style=\"--awb-bg-size:cover;width:50%;width:calc(50% - ( ( 4% ) * 0.5 ) );margin-right: 4%;\"><div class=\"fusion-column-wrapper fusion-flex-column-wrapper-legacy\"><div class=\"fusion-text fusion-text-13\"><h2><strong>Bank wire transfer detals:<\/strong><\/h2>\n<p><strong>Beneficiary Name:<\/strong><br \/>\nSVEU\u010cILI\u0160TE JOSIPA JURJA STROSSMAYERA U OSIJEKU<br \/>\nFakultet elektrotehnike, ra\u010dunarstva i informacijskih tehnologija<\/p>\n<p><strong>Beneficiary Address:<\/strong><br \/>\nKneza Trpimira 2B,31000 Osijek, Croatia<br \/>\nIBAN: HR60 2500 0091 1013 7287 0<br \/>\nBIC (SWIFT): HAABHR22<br \/>\nBank: ADDIKO BANK D.D.<\/p>\n<p><strong>Bank Address: <\/strong>SLAVONSKA 6, ZAGREB, HRVATSKA<\/p>\n<p><strong>Reference:<\/strong> PhD seminar &#8211; workshop<\/p>\n<\/div><div class=\"fusion-clearfix\"><\/div><\/div><\/div><div class=\"fusion-layout-column fusion_builder_column_inner fusion-builder-nested-column-1 fusion_builder_column_inner_1_2 1_2 fusion-one-half fusion-column-last\" style=\"--awb-bg-size:cover;width:50%;width:calc(50% - ( ( 4% ) * 0.5 ) );\"><div class=\"fusion-column-wrapper fusion-flex-column-wrapper-legacy\"><div class=\"fusion-aligncenter\"><a class=\"fusion-button button-flat button-medium button-blue fusion-button-blue button-2 fusion-button-span-no fusion-button-default-type fusion-animated\" data-animationType=\"shake\" data-animationDuration=\"0.3\" data-animationOffset=\"top-into-view\" target=\"_blank\" rel=\"noopener noreferrer\" href=\"http:\/\/sst-conference.org\/wp-content\/uploads\/2017\/05\/Template-CEMBEF-2015.doc\"><i class=\" fa fa-arrow-down button-icon-left\" aria-hidden=\"true\"><\/i><span class=\"fusion-button-text\">TEMPLATE<\/span><\/a><\/div><div class=\"fusion-clearfix\"><\/div><\/div><\/div><\/div><div class=\"fusion-clearfix\"><\/div><\/div><\/div><\/div><\/div><\/p>\n","protected":false},"excerpt":{"rendered":"","protected":false},"author":1,"featured_media":0,"parent":0,"menu_order":0,"comment_status":"closed","ping_status":"closed","template":"","meta":{"footnotes":""},"_links":{"self":[{"href":"https:\/\/sst-conference.org\/index.php\/wp-json\/wp\/v2\/pages\/867"}],"collection":[{"href":"https:\/\/sst-conference.org\/index.php\/wp-json\/wp\/v2\/pages"}],"about":[{"href":"https:\/\/sst-conference.org\/index.php\/wp-json\/wp\/v2\/types\/page"}],"author":[{"embeddable":true,"href":"https:\/\/sst-conference.org\/index.php\/wp-json\/wp\/v2\/users\/1"}],"replies":[{"embeddable":true,"href":"https:\/\/sst-conference.org\/index.php\/wp-json\/wp\/v2\/comments?post=867"}],"version-history":[{"count":30,"href":"https:\/\/sst-conference.org\/index.php\/wp-json\/wp\/v2\/pages\/867\/revisions"}],"predecessor-version":[{"id":944,"href":"https:\/\/sst-conference.org\/index.php\/wp-json\/wp\/v2\/pages\/867\/revisions\/944"}],"wp:attachment":[{"href":"https:\/\/sst-conference.org\/index.php\/wp-json\/wp\/v2\/media?parent=867"}],"curies":[{"name":"wp","href":"https:\/\/api.w.org\/{rel}","templated":true}]}}